{"id":836,"date":"2025-12-26T12:03:23","date_gmt":"2025-12-26T12:03:23","guid":{"rendered":"https:\/\/ibs.onlinehuelva.es\/?page_id=836"},"modified":"2025-12-26T13:15:21","modified_gmt":"2025-12-26T13:15:21","slug":"cookie%e6%94%bf%e7%ad%96","status":"publish","type":"page","link":"https:\/\/ibsindustrialboilerservice.com\/zh\/cookie%e6%94%bf%e7%ad%96\/","title":{"rendered":"Cookie\u653f\u7b56"},"content":{"rendered":"<div data-elementor-type=\"wp-page\" data-elementor-id=\"836\" class=\"elementor elementor-836\" data-elementor-post-type=\"page\">\n\t\t\t\t<div class=\"elementor-element elementor-element-4d27de0 e-flex e-con-boxed e-con e-parent\" data-id=\"4d27de0\" data-element_type=\"container\" data-e-type=\"container\" data-settings=\"{&quot;background_background&quot;:&quot;classic&quot;}\">\n\t\t\t\t\t<div class=\"e-con-inner\">\n\t\t<div class=\"elementor-element elementor-element-ad11eab e-con-full e-flex e-con e-child\" data-id=\"ad11eab\" data-element_type=\"container\" data-e-type=\"container\">\n\t\t\t\t<div class=\"elementor-element elementor-element-a70eb22 elementor-invisible elementor-widget elementor-widget-heading\" data-id=\"a70eb22\" data-element_type=\"widget\" data-e-type=\"widget\" data-settings=\"{&quot;_animation&quot;:&quot;fadeInUp&quot;,&quot;_animation_delay&quot;:100}\" data-widget_type=\"heading.default\">\n\t\t\t\t\t<h1 class=\"elementor-heading-title elementor-size-default\">Cookie\u653f\u7b56<\/h1>\t\t\t\t<\/div>\n\t\t\t\t<\/div>\n\t\t\t\t\t<\/div>\n\t\t\t\t<\/div>\n\t\t<div class=\"elementor-element elementor-element-cc47857 e-flex e-con-boxed e-con e-parent\" data-id=\"cc47857\" data-element_type=\"container\" data-e-type=\"container\">\n\t\t\t\t\t<div class=\"e-con-inner\">\n\t\t<div class=\"elementor-element elementor-element-637fdf0 e-con-full e-flex e-con e-child\" data-id=\"637fdf0\" data-element_type=\"container\" data-e-type=\"container\">\n\t\t\t\t<div class=\"elementor-element elementor-element-2d74330 elementor-widget elementor-widget-text-editor\" data-id=\"2d74330\" data-element_type=\"widget\" data-e-type=\"widget\" data-widget_type=\"text-editor.default\">\n\t\t\t\t\t\t\t\t\t<p>\u4e0e\u4e92\u8054\u7f51\u4e0a\u7684\u5927\u591a\u6570\u7f51\u7ad9\u4e00\u6837\uff0c\u672c\u7f51\u7ad9\u4f7f\u7528 Cookie \u6765\u6539\u5584\u548c\u4f18\u5316\u7528\u6237\u4f53\u9a8c\u3002\u4ee5\u4e0b\u5185\u5bb9\u8be6\u7ec6\u4ecb\u7ecd\u4e86 Cookie \u7684\u5b9a\u4e49\u3001\u672c\u7f51\u7ad9\u4f7f\u7528\u7684 Cookie \u7c7b\u578b\u3001\u5982\u4f55\u5728\u6d4f\u89c8\u5668\u4e2d\u7981\u7528 Cookie \u4ee5\u53ca\u5982\u4f55\u4e13\u95e8\u963b\u6b62\u5b89\u88c5\u7b2c\u4e09\u65b9 Cookie\u3002&nbsp;<\/p><p><br><\/p>\n<div class=\"entry-content clear\" data-ast-blocks-layout=\"true\">\n<p><strong>\u6570\u636e\u63a7\u5236\u8005\uff1a<\/strong><\/p>\n<p><strong>&nbsp;<\/strong><\/p>\n<p>\u516c\u53f8\u540d\u79f0\uff1a\u5de5\u4e1a\u9505\u7089\u670d\u52a1\u516c\u53f8<\/p>\n<p>\u7a0e\u52a1\u8bc6\u522b\u53f7\uff1aJ76771690<\/p>\n<p>-\u5546\u53f7\uff1a\u5de5\u4e1a\u9505\u7089\u670d\u52a1\u516c\u53f8<\/p>\n<p>- \u6ce8\u518c\u529e\u4e8b\u5904\uff1aCalle Magarza n\u00ba4, 38190 Tabaiba, Santa Cruz de Tenerife (\u897f\u73ed\u7259)\u3002<\/p>\n<p>-\u5b89\u4fdd\u7ecf\u7406\uff1a\u4fdd\u7f57\u00b7\u6f58\u79d1\u8482<\/p><p><br><\/p>\n<p><strong>\u8054\u7cfb\u4fe1\u606f\uff1a<\/strong><\/p>\n<p><strong>&nbsp;<\/strong><\/p>\n<p>\u7535\u8bdd\uff1a+393467065044<\/p>\n<p>\u2013 \u90ae\u7bb1\uff1ainfoarea.ibs@gmail.com<\/p>\n<p>\u2013 \u8054\u7cfb\u8868\u683c\uff1ahttps:\/\/ibsindustrialboilerservice.com\/contacto<\/p><p><br><\/p>\n<p><strong>\u8bb0\u5f55\uff1a<\/strong><\/p>\n<p><strong>&nbsp;<\/strong><\/p>\n<p>-\u6839\u636eGDPR\u7684\u6570\u636e\u5904\u7406\u767b\u8bb0\u518c\uff1a\u5ba2\u6237\u3001\u4f9b\u5e94\u5546\u3001\u5458\u5de5\u548c\u7f51\u7edc\u7528\u6237\u3002<\/p>\n<p>-\u57df\u540d\uff08\u7f51\u7ad9\uff09\uff1ahttps:\/\/ibsindustrialboilerservice.com<\/p><p><br><\/p>\n<p><strong>\u4ec0\u4e48\u662f\u997c\u5e72\uff1f<\/strong><\/p>\n<p><strong>&nbsp;<\/strong><\/p>\n<p>Cookie \u662f\u60a8\u8bbf\u95ee\u7f51\u7ad9\u6216\u5e94\u7528\u7a0b\u5e8f\u65f6\u4e0b\u8f7d\u5230\u60a8\u7684\u8ba1\u7b97\u673a\u6216\u79fb\u52a8\u8bbe\u5907\u4e0a\u7684\u6570\u636e\u6587\u4ef6\u3002Cookie \u662f\u63d0\u4f9b\u8bb8\u591a\u4fe1\u606f\u793e\u4f1a\u670d\u52a1\u7684\u91cd\u8981\u5de5\u5177\u3002\u5b83\u4eec\u5141\u8bb8\u7f51\u7ad9\u5b58\u50a8\u548c\u68c0\u7d22\u6709\u5173\u7528\u6237\u6d4f\u89c8\u4e60\u60ef\u6216\u8bbe\u5907\u7684\u4fe1\u606f\uff0c\u5e76\u4e14\u6839\u636e\u6240\u83b7\u53d6\u7684\u4fe1\u606f\uff0c\u53ef\u4ee5\u7528\u4e8e\u8bc6\u522b\u7528\u6237\u5e76\u6539\u8fdb\u6240\u63d0\u4f9b\u7684\u670d\u52a1\u3002<\/p><p><br><\/p>\n<p><strong>\u6709\u54ea\u4e9b\u7c7b\u578b\u7684 Cookie\uff1f<\/strong><\/p>\n<p><strong>&nbsp;<\/strong><\/p>\n<p>\u6839\u636e\u8be5\u5b9e\u4f53\u7684\u8bf4\u6cd5\uff0c\u901a\u8fc7 Cookie \u83b7\u53d6\u7684\u6570\u636e\u7684\u5904\u7406\u671f\u9650\u6216\u76ee\u7684\u53ef\u80fd\u5305\u62ec\uff1a<\/p><p><br><\/p>\n<p><strong>\u6839\u636e\u7ba1\u7406\u8be5\u57df\u540d\u7684\u5b9e\u4f53\u7684\u8bf4\u6cd5\uff1a<\/strong><\/p>\n<p><strong>&nbsp;<\/strong><\/p>\n<p><strong>\u7b2c\u4e00\u65b9 Cookie<\/strong>\uff1a\u4ece\u53d1\u5e03\u8005\u81ea\u8eab\u7ba1\u7406\u7684\u8ba1\u7b97\u673a\u6216\u57df\u53d1\u9001\u5230\u7528\u6237\u7ec8\u7aef\u8bbe\u5907\u7684\u90ae\u4ef6\uff0c\u4ee5\u53ca\u4ece\u8be5\u8ba1\u7b97\u673a\u6216\u57df\u63d0\u4f9b\u7528\u6237\u8bf7\u6c42\u7684\u670d\u52a1\u7684\u90ae\u4ef6\u3002<\/p>\n<p><strong>\u7b2c\u4e09\u65b9 Cookie<\/strong>\u7b2c\u4e00\u65b9 Cookie \u662f\u6307\u7531\u975e\u53d1\u5e03\u8005\u7ba1\u7406\u7684\u8ba1\u7b97\u673a\u6216\u57df\u53d1\u9001\u5230\u7528\u6237\u7ec8\u7aef\u8bbe\u5907\u7684 Cookie\uff0c\u800c\u662f\u7531\u5904\u7406\u901a\u8fc7 Cookie \u83b7\u53d6\u7684\u6570\u636e\u7684\u5176\u4ed6\u5b9e\u4f53\u53d1\u9001\u7684 Cookie\u3002\u5982\u679c Cookie \u662f\u4ece\u53d1\u5e03\u8005\u7ba1\u7406\u7684\u8ba1\u7b97\u673a\u6216\u57df\u5b89\u88c5\u7684\uff0c\u4f46\u901a\u8fc7\u8fd9\u4e9b Cookie \u6536\u96c6\u7684\u4fe1\u606f\u7531\u7b2c\u4e09\u65b9\u7ba1\u7406\uff0c\u5219\u8fd9\u4e9b Cookie \u4e0d\u80fd\u88ab\u89c6\u4e3a\u7b2c\u4e00\u65b9 Cookie\u3002<\/p>\n<p><strong>\u6839\u636e\u50a8\u5b58\u65f6\u95f4\u7684\u957f\u77ed\uff1a<\/strong><\/p>\n<p><strong>&nbsp;<\/strong><\/p>\n<p><strong>\u4f1a\u8bdd cookie<\/strong>Cookie \u7684\u8bbe\u8ba1\u76ee\u7684\u662f\u5728\u7528\u6237\u8bbf\u95ee\u7f51\u7ad9\u65f6\u6536\u96c6\u548c\u5b58\u50a8\u6570\u636e\u3002\u5b83\u4eec\u901a\u5e38\u7528\u4e8e\u5b58\u50a8\u4ec5\u5728\u7528\u6237\u5355\u6b21\u8bf7\u6c42\u670d\u52a1\u65f6\u6240\u9700\u7684\u4fe1\u606f\uff08\u4f8b\u5982\uff0c\u5df2\u8d2d\u4e70\u5546\u54c1\u7684\u5217\u8868\uff09\u3002<\/p><p><br><\/p>\n<p><strong>\u6301\u4e45\u6027 Cookie<\/strong>\u6570\u636e\u4f1a\u4e00\u76f4\u5b58\u50a8\u5728\u7ec8\u7aef\u4e0a\uff0c\u5e76\u4e14\u53ef\u4ee5\u5728 cookie \u6240\u6709\u8005\u5b9a\u4e49\u7684\u4e00\u6bb5\u65f6\u95f4\u5185\u88ab\u8bbf\u95ee\u548c\u5904\u7406\uff0c\u8be5\u65f6\u95f4\u8303\u56f4\u4ece\u51e0\u5206\u949f\u5230\u51e0\u5e74\u4e0d\u7b49\u3002<\/p><p><br><\/p>\n<p><strong>\u6839\u636e\u5176\u76ee\u7684<\/strong>:<\/p><p><br><\/p>\n<p><strong>\u6280\u672f\u6027 Cookie<\/strong>Cookie\uff1aCookie \u5141\u8bb8\u7528\u6237\u6d4f\u89c8\u7f51\u7ad9\u3001\u5e73\u53f0\u6216\u5e94\u7528\u7a0b\u5e8f\uff0c\u5e76\u4f7f\u7528\u5176\u4e2d\u5b58\u5728\u7684\u5404\u79cd\u9009\u9879\u6216\u670d\u52a1\uff0c\u4f8b\u5982\u63a7\u5236\u6d41\u91cf\u548c\u6570\u636e\u901a\u4fe1\u3001\u8bc6\u522b\u4f1a\u8bdd\u3001\u8bbf\u95ee\u53d7\u9650\u533a\u57df\u3001\u8bb0\u4f4f\u8ba2\u5355\u4e2d\u7684\u5546\u54c1\u3001\u5b8c\u6210\u8d2d\u4e70\u6d41\u7a0b\u3001\u6ce8\u518c\u6216\u53c2\u4e0e\u6d3b\u52a8\u3001\u5728\u6d4f\u89c8\u65f6\u4f7f\u7528\u5b89\u5168\u529f\u80fd\u3001\u5b58\u50a8\u7528\u4e8e\u89c6\u9891\u6216\u97f3\u9891\u64ad\u653e\u7684\u5185\u5bb9\uff0c\u6216\u901a\u8fc7\u793e\u4ea4\u7f51\u7edc\u5206\u4eab\u5185\u5bb9\u3002<\/p><p><br><\/p>\n<p><strong>\u4e2a\u6027\u5316 Cookie<\/strong>\u5b83\u4eec\u5141\u8bb8\u7528\u6237\u6839\u636e\u7528\u6237\u7ec8\u7aef\u4e0a\u7684\u4e00\u7cfb\u5217\u6807\u51c6\uff08\u4f8b\u5982\u8bed\u8a00\u3001\u7528\u4e8e\u8bbf\u95ee\u670d\u52a1\u7684\u6d4f\u89c8\u5668\u7c7b\u578b\u3001\u8bbf\u95ee\u670d\u52a1\u7684\u533a\u57df\u8bbe\u7f6e\u7b49\uff09\u8bbf\u95ee\u5177\u6709\u4e00\u4e9b\u9884\u5b9a\u4e49\u901a\u7528\u7279\u5f81\u7684\u670d\u52a1\u3002<\/p><p><br><\/p>\n<p><strong>\u5206\u6790\u578b Cookie<\/strong>\u8fd9\u4e9b Cookie \u5141\u8bb8\u7f51\u7ad9\u6240\u6709\u8005\u8ddf\u8e2a\u548c\u5206\u6790\u7528\u6237\u5728\u5176\u94fe\u63a5\u7f51\u7ad9\u4e0a\u7684\u884c\u4e3a\u3002\u901a\u8fc7\u8fd9\u4e9b Cookie \u6536\u96c6\u7684\u4fe1\u606f\u7528\u4e8e\u8861\u91cf\u7f51\u7ad9\u3001\u5e94\u7528\u7a0b\u5e8f\u6216\u5e73\u53f0\u7684\u6d3b\u52a8\uff0c\u5e76\u521b\u5efa\u7528\u6237\u6d4f\u89c8\u914d\u7f6e\u6587\u4ef6\uff0c\u4ee5\u4fbf\u6839\u636e\u7528\u6237\u6570\u636e\u5206\u6790\u7ed3\u679c\u8fdb\u884c\u6539\u8fdb\u3002<\/p><p><br><\/p>\n<p><strong>\u5e7f\u544a Cookie<\/strong>\u5b83\u4eec\u80fd\u591f\u5b9e\u73b0\u6700\u9ad8\u6548\u7684\u5e7f\u544a\u7a7a\u95f4\u7ba1\u7406\u3002\u5b83\u4eec\u5b58\u50a8\u901a\u8fc7\u6301\u7eed\u89c2\u5bdf\u7528\u6237\u6d4f\u89c8\u4e60\u60ef\u800c\u83b7\u5f97\u7684\u7528\u6237\u884c\u4e3a\u4fe1\u606f\uff0c\u4ece\u800c\u5efa\u7acb\u7279\u5b9a\u7684\u7528\u6237\u753b\u50cf\uff0c\u5e76\u6839\u636e\u8be5\u753b\u50cf\u6295\u653e\u5e7f\u544a\u3002<\/p><p><br><\/p>\n<p><strong>\u7b2c\u4e09\u65b9\u793e\u4ea4\u5a92\u4f53 Cookie<\/strong>\u8fd9\u4e9b Cookie \u7528\u4e8e\u5141\u8bb8\u8bbf\u95ee\u8005\u4e0e\u6765\u81ea\u4e0d\u540c\u793e\u4ea4\u5a92\u4f53\u5e73\u53f0\uff08\u4f8b\u5982 Facebook\u3001YouTube\u3001Twitter\u3001LinkedIn \u7b49\uff09\u7684\u5185\u5bb9\u8fdb\u884c\u4e92\u52a8\uff0c\u5e76\u4e14\u4ec5\u9488\u5bf9\u8fd9\u4e9b\u793e\u4ea4\u7f51\u7edc\u7684\u7528\u6237\u751f\u6210\u3002\u8fd9\u4e9b Cookie \u7684\u4f7f\u7528\u6761\u6b3e\u4ee5\u53ca\u6240\u6536\u96c6\u4fe1\u606f\u7684\u6536\u96c6\u5747\u53d7\u76f8\u5e94\u793e\u4ea4\u5a92\u4f53\u5e73\u53f0\u7684\u9690\u79c1\u653f\u7b56\u7ea6\u675f\u3002<\/p><p><br><\/p>\n<p><strong>\u4ed6\u4eec\u5982\u4f55\u4f7f\u7528 INDUSTRIAL BOILER SERVICE SC (ibsindustrialboilerservice.com) \u7684\u7f51\u7ad9\uff1f<\/strong><\/p>\n<\/div>\t\t\t\t\t\t\t\t<\/div>\n\t\t\t\t<div class=\"elementor-element elementor-element-6812ec4 elementor-widget elementor-widget-shortcode\" data-id=\"6812ec4\" data-element_type=\"widget\" data-e-type=\"widget\" data-widget_type=\"shortcode.default\">\n\t\t\t\t\t\t\t<div class=\"elementor-shortcode\">[wcc_cookies_audit_table]<\/div>\n\t\t\t\t\t\t<\/div>\n\t\t\t\t<div class=\"elementor-element elementor-element-7780b39 elementor-widget elementor-widget-text-editor\" data-id=\"7780b39\" data-element_type=\"widget\" data-e-type=\"widget\" data-widget_type=\"text-editor.default\">\n\t\t\t\t\t\t\t\t\t<p><strong>\u7981\u7528\u548c\u5220\u9664 Cookie<\/strong>:<\/p><p>\u00a0<\/p><p>\u867d\u7136\u6211\u4eec\u7684 Cookie \u7ba1\u7406\u7cfb\u7edf\u5141\u8bb8\u60a8\u542f\u7528\u548c\u7981\u7528\u6765\u81ea ibsindustrialboilerservice.com \u7684\u6240\u6709 Cookie\uff0c\u4f46\u5b83\u4e0d\u4f1a\u963b\u6b62\u6765\u81ea\u5176\u4ed6\u7f51\u7ad9\u7684\u6240\u6709 Cookie\u3002\u8981\u963b\u6b62\u5176\u4ed6\u7f51\u7ad9\u7684 Cookie\uff0c\u60a8\u53ef\u4ee5\u66f4\u6539\u6d4f\u89c8\u5668\u8bbe\u7f6e\u3002\u7981\u7528 Cookie \u7684\u65b9\u6cd5\u56e0\u6d4f\u89c8\u5668\u800c\u5f02\uff0c\u5e76\u4e14\u53ef\u80fd\u968f\u65b0\u7248\u672c\u800c\u53d8\u5316\uff0c\u4f46\u901a\u5e38\u53ef\u4ee5\u901a\u8fc7\u201c\u5de5\u5177\u201d\u6216\u201c\u9009\u9879\u201d\u83dc\u5355\u5b8c\u6210\u3002\u60a8\u4e5f\u53ef\u4ee5\u67e5\u9605\u6d4f\u89c8\u5668\u7684\u201c\u5e2e\u52a9\u201d\u83dc\u5355\u4ee5\u83b7\u53d6\u76f8\u5173\u8bf4\u660e\u3002\u60a8\u53ef\u4ee5\u968f\u65f6\u9009\u62e9\u5141\u8bb8\u54ea\u4e9b Cookie \u5728\u672c\u7f51\u7ad9\u4e0a\u4f7f\u7528\u3002\u4ee5\u4e0b\u662f\u4e00\u4e9b\u5e38\u7528\u6d4f\u89c8\u5668\u7684\u76f8\u5173\u8bf4\u660e\u94fe\u63a5\uff1a<\/p><p>\u00a0<\/p><p>\u5fae\u8f6f Internet Explorer \u6216 Microsoft Edge\uff1ahttp:\/\/windows.microsoft.com\/es-es\/windows-vista\/Block-or-allow-cookies<\/p><p>\u00a0<\/p><p>Mozilla Firefox\uff1ahttp:\/\/support.mozilla.org\/es\/kb\/impedir-que-los-sitios-web-guarden-sus-preference<\/p><p>\u00a0<\/p><p>Chrome\uff1ahttps:\/\/support.google.com\/accounts\/answer\/61416?hl=es<\/p><p>\u00a0<\/p><p>Safari\uff1ahttp:\/\/safari.helpmax.net\/es\/privacidad-y-security\/como-gestionar-las-cookies\/<\/p><p>\u00a0<\/p><p>Opera\uff1ahttp:\/\/help.opera.com\/Linux\/10.60\/es-ES\/cookies.html<\/p><p>\u00a0<\/p><p>\u6b64\u5916\uff0c\u60a8\u8fd8\u53ef\u4ee5\u4f7f\u7528\u4ee5\u4e0b\u5de5\u5177\u7ba1\u7406\u6d4f\u89c8\u5668\u7684 cookie \u5b58\u50a8\uff1aGhostery\uff1awww.ghostery.com\/\uff1bYour Online Choices\uff1awww.youronlinechoices.com\/es\/\u3002\u5bf9\u4e8e\u5176\u4ed6\u6d4f\u89c8\u5668\uff0c\u8bf7\u5c1d\u8bd5\u641c\u7d22\u201c\u5728\uff08\u6d4f\u89c8\u5668\u540d\u79f0\uff09\u4e2d\u7ba1\u7406 cookie\u201d\u3002<\/p><p>\u00a0<\/p><p><strong>\u6211\u4eec\u7684 Cookie \u653f\u7b56\u662f\u5426\u5df2\u66f4\u65b0\uff1f<\/strong><\/p><p><strong>\u00a0<\/strong><\/p><p>\u6211\u4eec\u53ef\u80fd\u4f1a\u66f4\u65b0\u7f51\u7ad9 Cookie \u653f\u7b56\uff0c\u56e0\u6b64\u5efa\u8bae\u60a8\u6bcf\u6b21\u8bbf\u95ee\u7f51\u7ad9\u65f6\u90fd\u67e5\u770b\u6b64\u653f\u7b56\uff0c\u4ee5\u4fbf\u968f\u65f6\u4e86\u89e3\u6211\u4eec\u5982\u4f55\u4ee5\u53ca\u4e3a\u4f55\u4f7f\u7528 Cookie\u3002Cookie \u653f\u7b56\u4e0a\u6b21\u66f4\u65b0\u65f6\u95f4\u4e3a 2025 \u5e74 12 \u6708 26 \u65e5\u3002<\/p>\t\t\t\t\t\t\t\t<\/div>\n\t\t\t\t<\/div>\n\t\t\t\t\t<\/div>\n\t\t\t\t<\/div>\n\t\t\t\t<\/div>","protected":false},"excerpt":{"rendered":"<p>Cookie\u653f\u7b56 \u672c\u7f51\u7ad9\u4e0e\u4e92\u8054\u7f51\u4e0a\u7684\u5927\u591a\u6570\u7f51\u7ad9\u4e00\u6837\uff0c\u4f7f\u7528Cookie\u6765\u6539\u8fdb[\u2026]<\/p>","protected":false},"author":2,"featured_media":0,"parent":0,"menu_order":0,"comment_status":"closed","ping_status":"closed","template":"","meta":{"site-sidebar-layout":"no-sidebar","site-content-layout":"","ast-site-content-layout":"full-width-container","site-content-style":"default","site-sidebar-style":"default","ast-global-header-display":"","ast-banner-title-visibility":"","ast-main-header-display":"","ast-hfb-above-header-display":"","ast-hfb-below-header-display":"","ast-hfb-mobile-header-display":"","site-post-title":"","ast-breadcrumbs-content":"","ast-featured-img":"disabled","footer-sml-layout":"","ast-disable-related-posts":"","theme-transparent-header-meta":"default","adv-header-id-meta":"","stick-header-meta":"","header-above-stick-meta":"","header-main-stick-meta":"","header-below-stick-meta":"","astra-migrate-meta-layouts":"set","ast-page-background-enabled":"default","ast-page-background-meta":{"desktop":{"background-color":"var(--ast-global-color-5)","background-image":"","background-repeat":"repeat","background-position":"center center","background-size":"auto","background-attachment":"scroll","background-type":"","background-media":"","overlay-type":"","overlay-color":"","overlay-opacity":"","overlay-gradient":""},"tablet":{"background-color":"","background-image":"","background-repeat":"repeat","background-position":"center center","background-size":"auto","background-attachment":"scroll","background-type":"","background-media":"","overlay-type":"","overlay-color":"","overlay-opacity":"","overlay-gradient":""},"mobile":{"background-color":"","background-image":"","background-repeat":"repeat","background-position":"center center","background-size":"auto","background-attachment":"scroll","background-type":"","background-media":"","overlay-type":"","overlay-color":"","overlay-opacity":"","overlay-gradient":""}},"ast-content-background-meta":{"desktop":{"background-color":"var(--ast-global-color-4)","background-image":"","background-repeat":"repeat","background-position":"center center","background-size":"auto","background-attachment":"scroll","background-type":"","background-media":"","overlay-type":"","overlay-color":"","overlay-opacity":"","overlay-gradient":""},"tablet":{"background-color":"var(--ast-global-color-4)","background-image":"","background-repeat":"repeat","background-position":"center center","background-size":"auto","background-attachment":"scroll","background-type":"","background-media":"","overlay-type":"","overlay-color":"","overlay-opacity":"","overlay-gradient":""},"mobile":{"background-color":"var(--ast-global-color-4)","background-image":"","background-repeat":"repeat","background-position":"center center","background-size":"auto","background-attachment":"scroll","background-type":"","background-media":"","overlay-type":"","overlay-color":"","overlay-opacity":"","overlay-gradient":""}},"footnotes":""},"class_list":["post-836","page","type-page","status-publish","hentry"],"yoast_head":"<!-- This site is optimized with the Yoast SEO Premium plugin v26.4 (Yoast SEO v27.2) - https:\/\/yoast.com\/product\/yoast-seo-premium-wordpress\/ -->\n<title>Pol\u00edtica de cookies - IBS Industrial Boiler Services<\/title>\n<meta name=\"robots\" content=\"index, follow, max-snippet:-1, max-image-preview:large, max-video-preview:-1\" \/>\n<link rel=\"canonical\" href=\"https:\/\/ibsindustrialboilerservice.com\/zh\/cookie\u653f\u7b56\/\" \/>\n<meta property=\"og:locale\" content=\"zh_CN\" \/>\n<meta property=\"og:type\" content=\"article\" \/>\n<meta property=\"og:title\" content=\"Pol\u00edtica de cookies\" \/>\n<meta property=\"og:description\" content=\"Pol\u00edtica de cookies Este sitio web, al igual que la mayor\u00eda de los sitios en Internet, usa Cookies para mejorar [&hellip;]\" \/>\n<meta property=\"og:url\" content=\"https:\/\/ibsindustrialboilerservice.com\/zh\/cookie\u653f\u7b56\/\" \/>\n<meta property=\"og:site_name\" content=\"IBS Industrial Boiler Services\" \/>\n<meta property=\"article:modified_time\" content=\"2025-12-26T13:15:21+00:00\" \/>\n<meta name=\"twitter:card\" content=\"summary_large_image\" \/>\n<meta name=\"twitter:label1\" content=\"\u9884\u8ba1\u9605\u8bfb\u65f6\u95f4\" \/>\n\t<meta name=\"twitter:data1\" content=\"5 \u5206\" \/>\n<script type=\"application\/ld+json\" class=\"yoast-schema-graph\">{\"@context\":\"https:\/\/schema.org\",\"@graph\":[{\"@type\":\"WebPage\",\"@id\":\"https:\/\/ibsindustrialboilerservice.com\/politica-de-cookies\/\",\"url\":\"https:\/\/ibsindustrialboilerservice.com\/politica-de-cookies\/\",\"name\":\"Pol\u00edtica de cookies - IBS Industrial Boiler Services\",\"isPartOf\":{\"@id\":\"https:\/\/ibsindustrialboilerservice.com\/#website\"},\"datePublished\":\"2025-12-26T12:03:23+00:00\",\"dateModified\":\"2025-12-26T13:15:21+00:00\",\"breadcrumb\":{\"@id\":\"https:\/\/ibsindustrialboilerservice.com\/politica-de-cookies\/#breadcrumb\"},\"inLanguage\":\"zh-Hans\",\"potentialAction\":[{\"@type\":\"ReadAction\",\"target\":[\"https:\/\/ibsindustrialboilerservice.com\/politica-de-cookies\/\"]}]},{\"@type\":\"BreadcrumbList\",\"@id\":\"https:\/\/ibsindustrialboilerservice.com\/politica-de-cookies\/#breadcrumb\",\"itemListElement\":[{\"@type\":\"ListItem\",\"position\":1,\"name\":\"Portada\",\"item\":\"https:\/\/ibsindustrialboilerservice.com\/\"},{\"@type\":\"ListItem\",\"position\":2,\"name\":\"Pol\u00edtica de cookies\"}]},{\"@type\":\"WebSite\",\"@id\":\"https:\/\/ibsindustrialboilerservice.com\/#website\",\"url\":\"https:\/\/ibsindustrialboilerservice.com\/\",\"name\":\"IBS Industrial Boiler Services\",\"description\":\"\",\"publisher\":{\"@id\":\"https:\/\/ibsindustrialboilerservice.com\/#organization\"},\"potentialAction\":[{\"@type\":\"SearchAction\",\"target\":{\"@type\":\"EntryPoint\",\"urlTemplate\":\"https:\/\/ibsindustrialboilerservice.com\/?s={search_term_string}\"},\"query-input\":{\"@type\":\"PropertyValueSpecification\",\"valueRequired\":true,\"valueName\":\"search_term_string\"}}],\"inLanguage\":\"zh-Hans\"},{\"@type\":\"Organization\",\"@id\":\"https:\/\/ibsindustrialboilerservice.com\/#organization\",\"name\":\"IBS Industrial Boiler Services\",\"url\":\"https:\/\/ibsindustrialboilerservice.com\/\",\"logo\":{\"@type\":\"ImageObject\",\"inLanguage\":\"zh-Hans\",\"@id\":\"https:\/\/ibsindustrialboilerservice.com\/#\/schema\/logo\/image\/\",\"url\":\"https:\/\/ibsindustrialboilerservice.com\/wp-content\/uploads\/2025\/12\/logo-1.png\",\"contentUrl\":\"https:\/\/ibsindustrialboilerservice.com\/wp-content\/uploads\/2025\/12\/logo-1.png\",\"width\":484,\"height\":184,\"caption\":\"IBS Industrial Boiler Services\"},\"image\":{\"@id\":\"https:\/\/ibsindustrialboilerservice.com\/#\/schema\/logo\/image\/\"}}]}<\/script>\n<!-- \/ Yoast SEO Premium plugin. -->","yoast_head_json":{"title":"Cookie \u653f\u7b56 - IBS \u5de5\u4e1a\u9505\u7089\u670d\u52a1","robots":{"index":"index","follow":"follow","max-snippet":"max-snippet:-1","max-image-preview":"max-image-preview:large","max-video-preview":"max-video-preview:-1"},"canonical":"https:\/\/ibsindustrialboilerservice.com\/zh\/cookie\u653f\u7b56\/","og_locale":"zh_CN","og_type":"article","og_title":"Pol\u00edtica de cookies","og_description":"Pol\u00edtica de cookies Este sitio web, al igual que la mayor\u00eda de los sitios en Internet, usa Cookies para mejorar [&hellip;]","og_url":"https:\/\/ibsindustrialboilerservice.com\/zh\/cookie\u653f\u7b56\/","og_site_name":"IBS Industrial Boiler Services","article_modified_time":"2025-12-26T13:15:21+00:00","twitter_card":"summary_large_image","twitter_misc":{"\u9884\u8ba1\u9605\u8bfb\u65f6\u95f4":"5 \u5206"},"schema":{"@context":"https:\/\/schema.org","@graph":[{"@type":"WebPage","@id":"https:\/\/ibsindustrialboilerservice.com\/politica-de-cookies\/","url":"https:\/\/ibsindustrialboilerservice.com\/politica-de-cookies\/","name":"Cookie \u653f\u7b56 - IBS \u5de5\u4e1a\u9505\u7089\u670d\u52a1","isPartOf":{"@id":"https:\/\/ibsindustrialboilerservice.com\/#website"},"datePublished":"2025-12-26T12:03:23+00:00","dateModified":"2025-12-26T13:15:21+00:00","breadcrumb":{"@id":"https:\/\/ibsindustrialboilerservice.com\/politica-de-cookies\/#breadcrumb"},"inLanguage":"zh-Hans","potentialAction":[{"@type":"ReadAction","target":["https:\/\/ibsindustrialboilerservice.com\/politica-de-cookies\/"]}]},{"@type":"BreadcrumbList","@id":"https:\/\/ibsindustrialboilerservice.com\/politica-de-cookies\/#breadcrumb","itemListElement":[{"@type":"ListItem","position":1,"name":"Portada","item":"https:\/\/ibsindustrialboilerservice.com\/"},{"@type":"ListItem","position":2,"name":"Pol\u00edtica de cookies"}]},{"@type":"WebSite","@id":"https:\/\/ibsindustrialboilerservice.com\/#website","url":"https:\/\/ibsindustrialboilerservice.com\/","name":"IBS\u5de5\u4e1a\u9505\u7089\u670d\u52a1","description":"","publisher":{"@id":"https:\/\/ibsindustrialboilerservice.com\/#organization"},"potentialAction":[{"@type":"SearchAction","target":{"@type":"EntryPoint","urlTemplate":"https:\/\/ibsindustrialboilerservice.com\/?s={search_term_string}"},"query-input":{"@type":"PropertyValueSpecification","valueRequired":true,"valueName":"search_term_string"}}],"inLanguage":"zh-Hans"},{"@type":"Organization","@id":"https:\/\/ibsindustrialboilerservice.com\/#organization","name":"IBS\u5de5\u4e1a\u9505\u7089\u670d\u52a1","url":"https:\/\/ibsindustrialboilerservice.com\/","logo":{"@type":"ImageObject","inLanguage":"zh-Hans","@id":"https:\/\/ibsindustrialboilerservice.com\/#\/schema\/logo\/image\/","url":"https:\/\/ibsindustrialboilerservice.com\/wp-content\/uploads\/2025\/12\/logo-1.png","contentUrl":"https:\/\/ibsindustrialboilerservice.com\/wp-content\/uploads\/2025\/12\/logo-1.png","width":484,"height":184,"caption":"IBS Industrial Boiler Services"},"image":{"@id":"https:\/\/ibsindustrialboilerservice.com\/#\/schema\/logo\/image\/"}}]}},"_links":{"self":[{"href":"https:\/\/ibsindustrialboilerservice.com\/zh\/wp-json\/wp\/v2\/pages\/836","targetHints":{"allow":["GET"]}}],"collection":[{"href":"https:\/\/ibsindustrialboilerservice.com\/zh\/wp-json\/wp\/v2\/pages"}],"about":[{"href":"https:\/\/ibsindustrialboilerservice.com\/zh\/wp-json\/wp\/v2\/types\/page"}],"author":[{"embeddable":true,"href":"https:\/\/ibsindustrialboilerservice.com\/zh\/wp-json\/wp\/v2\/users\/2"}],"replies":[{"embeddable":true,"href":"https:\/\/ibsindustrialboilerservice.com\/zh\/wp-json\/wp\/v2\/comments?post=836"}],"version-history":[{"count":0,"href":"https:\/\/ibsindustrialboilerservice.com\/zh\/wp-json\/wp\/v2\/pages\/836\/revisions"}],"wp:attachment":[{"href":"https:\/\/ibsindustrialboilerservice.com\/zh\/wp-json\/wp\/v2\/media?parent=836"}],"curies":[{"name":"wp","href":"https:\/\/api.w.org\/{rel}","templated":true}]}}