{"id":837,"date":"2025-12-26T12:03:26","date_gmt":"2025-12-26T12:03:26","guid":{"rendered":"https:\/\/ibs.onlinehuelva.es\/?page_id=837"},"modified":"2025-12-26T13:17:42","modified_gmt":"2025-12-26T13:17:42","slug":"dichiarazione-di-accessibilita","status":"publish","type":"page","link":"https:\/\/ibsindustrialboilerservice.com\/it\/dichiarazione-di-accessibilita\/","title":{"rendered":"Dichiarazione di accessibilit\u00e0"},"content":{"rendered":"<div data-elementor-type=\"wp-page\" data-elementor-id=\"837\" class=\"elementor elementor-837\" data-elementor-post-type=\"page\">\n\t\t\t\t<div class=\"elementor-element elementor-element-4d27de0 e-flex e-con-boxed e-con e-parent\" data-id=\"4d27de0\" data-element_type=\"container\" data-e-type=\"container\" data-settings=\"{&quot;background_background&quot;:&quot;classic&quot;}\">\n\t\t\t\t\t<div class=\"e-con-inner\">\n\t\t<div class=\"elementor-element elementor-element-ad11eab e-con-full e-flex e-con e-child\" data-id=\"ad11eab\" data-element_type=\"container\" data-e-type=\"container\">\n\t\t\t\t<div class=\"elementor-element elementor-element-a70eb22 elementor-invisible elementor-widget elementor-widget-heading\" data-id=\"a70eb22\" data-element_type=\"widget\" data-e-type=\"widget\" data-settings=\"{&quot;_animation&quot;:&quot;fadeInUp&quot;,&quot;_animation_delay&quot;:100}\" data-widget_type=\"heading.default\">\n\t\t\t\t\t<h1 class=\"elementor-heading-title elementor-size-default\">Dichiarazione di accessibilit\u00e0<\/h1>\t\t\t\t<\/div>\n\t\t\t\t<\/div>\n\t\t\t\t\t<\/div>\n\t\t\t\t<\/div>\n\t\t<div class=\"elementor-element elementor-element-2eec892 e-flex e-con-boxed e-con e-parent\" data-id=\"2eec892\" data-element_type=\"container\" data-e-type=\"container\">\n\t\t\t\t\t<div class=\"e-con-inner\">\n\t\t<div class=\"elementor-element elementor-element-c2632ab e-con-full e-flex e-con e-child\" data-id=\"c2632ab\" data-element_type=\"container\" data-e-type=\"container\">\n\t\t\t\t<div class=\"elementor-element elementor-element-7868452 elementor-widget elementor-widget-text-editor\" data-id=\"7868452\" data-element_type=\"widget\" data-e-type=\"widget\" data-widget_type=\"text-editor.default\">\n\t\t\t\t\t\t\t\t\t<p>INDUSTRIAL BOILER SERVICE SC si impegna a rendere il proprio sito web accessibile in conformit\u00e0 con le&nbsp;<strong>Regio decreto 1112\/2018<\/strong>, del 7 settembre, sull&#039;accessibilit\u00e0 dei siti web e delle applicazioni mobili del settore pubblico, nonch\u00e9 con la&nbsp;<strong>Legge 11\/2023<\/strong>, dell&#039;8 maggio, che traspone il&nbsp;<strong>Direttiva (UE) 2019\/882<\/strong>, relativi all&#039;accessibilit\u00e0 di determinati prodotti e servizi.<\/p>\n<p>Questo sito web&nbsp;<strong>\u00e8 parzialmente conforme&nbsp;<\/strong>con i requisiti di accessibilit\u00e0 richiesti dalla normativa, a causa delle eccezioni e\/o della non conformit\u00e0 degli aspetti di seguito indicati.<\/p>\n<p><\/p>\n<h4>Contenuto non accessibile<\/h4>\n<div>&nbsp;<\/div>\n<p>Il seguente contenuto non \u00e8 accessibile per i seguenti motivi:<\/p>\n<ul class=\"wp-block-list\">\n<li>Inosservanza del Regio Decreto 1112\/2018:<br><ul class=\"wp-block-list\">\n<li>In alcune pagine, le informazioni, la struttura e le relazioni non sono determinate dal software o non hanno alternative come testo [requisito numero 9.1.3.1 della norma UNE-EN 301549:2022 Informazioni e relazioni].<\/li>\n<li>In alcune pagine potrebbero essere state utilizzate immagini di testo al posto del testo stesso per trasmettere informazioni [requisito numero 9.1.4.5 della norma UNE-EN 301549:2022 Immagini di testo].<\/li>\n<li>In alcune pagine, alcuni elementi non hanno il focus sulla tastiera [requisito numero 9.2.1.1 della norma UNE-EN 301549:2022 Tastiera].<\/li>\n<li>In alcuni documenti la navigazione sequenziale tramite tastiera potrebbe non avere un ordine coerente [requisito numero 9.2.4.3 della norma UNE-EN 301549:2022 Ordine di messa a fuoco].<\/li>\n<li>La posizione del focus non \u00e8 sempre visibile quando si naviga con una tastiera [requisito numero 9.2.4.7 della norma UNE-EN 301549:2022 Focus visibile].<\/li>\n<li>All&#039;interno della pagina sono presenti contenuti o frasi la cui lingua non pu\u00f2 essere determinata dal programma [requisito numero 9.3.1.2 della norma UNE-EN 301549:2022 Lingua delle parti].<\/li>\n<li>Ci sono componenti con la stessa funzionalit\u00e0 ripetuta in un gruppo di pagine che non vengono presentate in modo simile [requisito numero 9.3.2.4 della norma UNE-EN 301549:2022 Identificazione coerente].<\/li>\n<li>Occasionalmente potrebbe verificarsi un errore di inserimento in qualche campo\/modulo per il quale l&#039;utente non viene informato di un suggerimento per risolverlo [requisito numero 9.3.3.3 della norma UNE-EN 301549:2022 Suggerimento per gli errori].<\/li>\n<li>In alcune pagine, i componenti dell&#039;interfaccia utente, come elementi di form, link e componenti generati da script, non seguono la struttura raccomandata dalle linee guida sull&#039;accessibilit\u00e0 [requisito numero 9.4.1.2 della norma UNE-EN 301549:2022 Nome, funzione, valore].<\/li>\n<li>La documentazione del prodotto potrebbe non essere completamente in formati accessibili [requisito numero 12.1.2 della norma UNE-EN 301549:2022 Documentazione accessibile].<\/li>\n<\/ul>\n<\/li>\n<li>Onere sproporzionato:<br><ul class=\"wp-block-list\">\n<li>Non applicabile<\/li>\n<\/ul>\n<\/li>\n<li>Il contenuto non rientra nell&#039;ambito della normativa applicabile:<br><ul class=\"wp-block-list\">\n<li>Potrebbero esserci documenti Office in PDF e altri formati pubblicati prima del 20 settembre 2018 che non rispettano pienamente tutti i requisiti di accessibilit\u00e0. Tuttavia, \u00e8 stato fatto ogni sforzo per garantire che la maggior parte di essi lo faccia.<\/li>\n<li>Potrebbero esserci contenuti di terze parti non sviluppati dal Ministero o che non sono sotto il suo controllo, come ad esempio i file d&#039;ufficio.<\/li>\n<li>Potrebbero esserci file preregistrati pubblicati prima del 20 settembre 2018 che non soddisfano pienamente tutti i requisiti di accessibilit\u00e0.<\/li>\n<\/ul>\n<\/li>\n<\/ul>\n<h4 class=\"wp-block-heading\">Preparazione della presente dichiarazione di accessibilit\u00e0<\/h4>\n<div>&nbsp;<\/div>\n<p>Questa dichiarazione \u00e8 stata preparata su&nbsp;<strong>26 dicembre 2025<\/strong>.<\/p>\n<p>Il metodo utilizzato per preparare questa dichiarazione \u00e8 stato:<\/p>\n<ul class=\"wp-block-list\">\n<li>Un&#039;autovalutazione effettuata dall&#039;azienda incaricata della progettazione e dello sviluppo di questo sito web.<\/li>\n<li>Per l&#039;autovalutazione sono stati utilizzati i seguenti strumenti:<br><ul class=\"wp-block-list\">\n<li>https:\/\/accessibe.com\/accessscan<\/li>\n<li>https:\/\/achecks.org\/checker\/<\/li>\n<\/ul>\n<\/li>\n<\/ul>\n<p>Ultima revisione della dichiarazione:&nbsp;<strong>26 dicembre 2025<\/strong><\/p>\n<p><strong>&nbsp;<\/strong><\/p>\n<h4 class=\"wp-block-heading\">Note e informazioni di contatto<\/h4>\n<div>&nbsp;<\/div>\n<p>Se riscontri difficolt\u00e0 nell&#039;accedere ai contenuti di questo sito web o desideri inviare un suggerimento, puoi contattarci tramite:<\/p>\n<p><strong>E-mail<\/strong>infoarea.ibs@gmail.com<\/p>\n<p><strong>Numero di telefono di contatto<\/strong>: +393467065044<\/p>\n<p>Le comunicazioni saranno gestite da&nbsp;<strong>INDUSTRIAL BOILER SERVICE SC<\/strong>, che funger\u00e0 da collegamento con i candidati.<\/p><p><br><\/p>\n<h4 id=\"h-herramientas-de-accesibilidad-integradas-en-este-sitio-web\" class=\"wp-block-heading\">Strumenti di accessibilit\u00e0 integrati in questo sito web<\/h4>\n<div>&nbsp;<\/div>\n<p>Con l&#039;obiettivo di facilitare la navigazione a tutti, questo sito web incorpora un insieme di&nbsp;<strong>strumenti di accessibilit\u00e0<\/strong>&nbsp;utilizzando il componente aggiuntivo&nbsp;<strong>Lettore dello schermo J!Extensions<\/strong>, che consente un&#039;esperienza migliore per gli utenti con diverse disabilit\u00e0.<\/p>\n<p>Le funzionalit\u00e0 disponibili includono:<\/p>\n<ul class=\"wp-block-list\">\n<li><strong>Conversione da testo a voce (lettore dello schermo integrato)<\/strong><br>Permette di ascoltare in modo chiaro e automatico il contenuto testuale delle pagine.<\/li>\n<li><strong>Livello di contrasto elevato e modalit\u00e0 bianco e nero<\/strong><br>Rende la lettura pi\u00f9 facile per le persone con problemi di vista o sensibilit\u00e0 visiva.<\/li>\n<li><strong>Aumento e diminuzione della dimensione del testo<\/strong><br>Migliora la leggibilit\u00e0 senza alterare il design della pagina.<\/li>\n<li><strong>Sottolineatura dei link<\/strong><br>Per distinguere pi\u00f9 facilmente le aree interattive.<\/li>\n<li><strong>Cambio di tipografia con un font dislessico<\/strong><br>Carattere progettato per facilitare la lettura alle persone con dislessia.<\/li>\n<li><strong>Cursore esteso<\/strong><br>Per facilitare l&#039;individuazione del puntatore sullo schermo.<\/li>\n<li><strong>Evidenziazione di sezioni e righe di testo<\/strong><br>Migliora la concentrazione visiva durante la lettura.<\/li>\n<\/ul>\n<p>Questi strumenti sono disponibili in un menu accessibile che viene visualizzato cliccando sull&#039;icona di accessibilit\u00e0 nell&#039;angolo in basso a sinistra.<\/p><p><br><\/p>\n<h4 id=\"h-version-accesible-del-sitio-para-lectores-de-pantalla\" class=\"wp-block-heading\">Versione accessibile del sito per lettori di schermo<\/h4>\n<div>&nbsp;<\/div>\n<p>Con l&#039;impegno di garantire un&#039;esperienza digitale inclusiva, questo sito web ha un&nbsp;<strong>Versione specifica ottimizzata per le tecnologie assistive<\/strong>soprattutto per le persone che usano&nbsp;<strong>lettori di schermo<\/strong>&nbsp;come NVDA, JAWS, VoiceOver o ChromeVox.<\/p>\n<p>Questa versione accessibile \u00e8 progettata con le seguenti caratteristiche:<\/p>\n<ul class=\"wp-block-list\">\n<li>Struttura semantica semplificata, con chiare intestazioni gerarchiche (<code>h1<\/code>,&nbsp;<code>h2<\/code>,&nbsp;<code>h3<\/code>\u2026) e navigazione per regione (<code><main><\/code>,&nbsp;<code><nav><\/code>,&nbsp;<code><footer><\/code>, ecc.).<\/li>\n<li>Rimozione di elementi visivi non essenziali o animazioni decorative che potrebbero ostacolare la lettura.<\/li>\n<li>Etichettatura chiara e coerente di moduli, pulsanti e collegamenti mediante attributi&nbsp;<code>aria-*<\/code>&nbsp;E&nbsp;<code>etichetta<\/code>.<\/li>\n<li>Navigazione solo tramite tastiera e compatibilit\u00e0 migliorata con gli screen reader.<\/li>\n<li>Informazioni testuali alternative per tutti gli elementi multimediali rilevanti.<\/li>\n<\/ul>\n<p>La versione accessibile \u00e8 disponibile nella parte superiore del sito tramite il pulsante &quot;Versione accessibile&quot; o il seguente link:&nbsp;<strong>https:\/\/ibsindustrialboilerservice.com\/ac\/<\/strong><\/p>\n<p><strong>&nbsp;<\/strong><\/p>\n<h4 id=\"h-funcionalidades-de-accesibilidad-ofrecidas-por-navegadores-modernos\" class=\"wp-block-heading\">Funzionalit\u00e0 di accessibilit\u00e0 offerte dai browser moderni<\/h4>\n<div>&nbsp;<\/div>\n<p>Oltre agli strumenti integrati in questo sito web, la maggior parte dei browser web pi\u00f9 comuni (come Google Chrome, Mozilla Firefox, Microsoft Edge, Safari, Opera, ecc.) incorporano&nbsp;<strong>funzionalit\u00e0 di accessibilit\u00e0 native<\/strong>&nbsp;che possono facilitare la navigazione e migliorare l&#039;esperienza dell&#039;utente.<\/p>\n<p>Queste funzioni includono:<\/p>\n<ul class=\"wp-block-list\">\n<li><strong>Zoom della pagina<\/strong>\u00c8 possibile aumentare o diminuire la dimensione del contenuto della pagina premendo:<br><ul class=\"wp-block-list\">\n<li><code>Ctrl<\/code>&nbsp;+&nbsp;<code>+<\/code>&nbsp;aumentare<\/li>\n<li><code>Ctrl<\/code>&nbsp;+&nbsp;<code>-<\/code>&nbsp;ridurre<\/li>\n<li><code>Ctrl<\/code>&nbsp;+&nbsp;<code>0<\/code>&nbsp;per ripristinare le dimensioni originali<br><em>(su Mac: sostituisce)&nbsp;<code>Ctrl<\/code>&nbsp;di&nbsp;<code>Comando<\/code>)<\/em><\/li>\n<\/ul>\n<\/li>\n<li><strong>Modalit\u00e0 ad alto contrasto<\/strong>Alcuni browser consentono di applicare uno stile ad alto contrasto per facilitare la lettura, particolarmente utile per gli utenti ipovedenti.<\/li>\n<li><strong>Lettori di schermo integrati o compatibili<\/strong>:<br><ul class=\"wp-block-list\">\n<li>Windows: compatibilit\u00e0 con&nbsp;<strong>Narratore<\/strong>&nbsp;(integrato)<\/li>\n<li>Mac: compatibilit\u00e0 con&nbsp;<strong>VoiceOver<\/strong><\/li>\n<li>Chrome: consente di utilizzare&nbsp;<strong>ChromeVox<\/strong>&nbsp;(estensione)<\/li>\n<\/ul>\n<\/li>\n<li><strong>Sottotitoli automatici<\/strong>&nbsp;(su Chrome e Android)<\/li>\n<li><strong>Cambia carattere e colore<\/strong>&nbsp;tramite estensioni o impostazioni del browser<\/li>\n<\/ul>\n<hr class=\"wp-block-separator has-alpha-channel-opacity\">\n<h3 id=\"h-\" class=\"wp-block-heading\">&nbsp;<\/h3>\n<h4 id=\"h-navegacion-mediante-teclado\" class=\"wp-block-heading\">Navigazione tramite tastiera<\/h4>\n<div>&nbsp;<\/div>\n<p>Questo sito web supporta la navigazione tramite tastiera senza mouse. Di seguito sono riportati i&nbsp;<strong>scorciatoie da tastiera standard<\/strong>&nbsp;pi\u00f9 utile nella maggior parte dei browser:<\/p>\n<figure class=\"wp-block-table\">\n<table class=\"has-fixed-layout\">\n<thead>\n<tr>\n<th>Azione<\/th>\n<th>Collegamento (Windows\/Linux)<\/th>\n<th>Scorciatoia (Mac)<\/th>\n<\/tr>\n<\/thead>\n<tbody>\n<tr>\n<td>Passa al collegamento o all&#039;elemento interattivo successivo<\/td>\n<td><code>Scheda<\/code><\/td>\n<td><code>Scheda<\/code><\/td>\n<\/tr>\n<tr>\n<td>Passa al precedente<\/td>\n<td><code>Spostare<\/code>&nbsp;+&nbsp;<code>Scheda<\/code><\/td>\n<td><code>Spostare<\/code>&nbsp;+&nbsp;<code>Scheda<\/code><\/td>\n<\/tr>\n<tr>\n<td>Attiva il collegamento o il pulsante<\/td>\n<td><code>Entra<\/code><\/td>\n<td><code>Entra<\/code><\/td>\n<\/tr>\n<tr>\n<td>Scorrere verso il basso<\/td>\n<td><code>Freccia gi\u00f9<\/code>&nbsp;O&nbsp;<code>Barra spaziatrice<\/code><\/td>\n<td><code>Freccia gi\u00f9<\/code>&nbsp;O&nbsp;<code>Spazio<\/code><\/td>\n<\/tr>\n<tr>\n<td>Scorri verso l&#039;alto<\/td>\n<td><code>Freccia su<\/code>&nbsp;O&nbsp;<code>Spostare<\/code>&nbsp;+&nbsp;<code>Spazio<\/code><\/td>\n<td><code>Freccia su<\/code>&nbsp;O&nbsp;<code>Spostare<\/code>&nbsp;+&nbsp;<code>Spazio<\/code><\/td>\n<\/tr>\n<tr>\n<td>Vai all&#039;inizio della pagina<\/td>\n<td><code>Inizio<\/code><\/td>\n<td><code>Comando<\/code>&nbsp;+&nbsp;<code>Freccia su<\/code><\/td>\n<\/tr>\n<tr>\n<td>Vai in fondo alla pagina<\/td>\n<td><code>FINE<\/code><\/td>\n<td><code>Comando<\/code>&nbsp;+&nbsp;<code>Freccia gi\u00f9<\/code><\/td>\n<\/tr>\n<tr>\n<td>Cerca il contenuto nella pagina<\/td>\n<td><code>Ctrl<\/code>&nbsp;+&nbsp;<code>F<\/code><\/td>\n<td><code>Comando<\/code>&nbsp;+&nbsp;<code>F<\/code><\/td>\n<\/tr>\n<\/tbody>\n<\/table>\n<\/figure>\n<h4 id=\"h-procedimiento-de-reclamacion\" class=\"wp-block-heading\">Procedura di reclamo<\/h4>\n<div>&nbsp;<\/div>\n<p>Se, dopo aver inviato una richiesta di informazioni accessibili o un reclamo, questa viene respinta o non si riceve risposta entro i tempi stabiliti (in genere 20 giorni lavorativi), \u00e8 possibile presentare un reclamo a:<\/p>\n<ul class=\"wp-block-list\">\n<li><strong>Ufficio per il supporto alla disabilit\u00e0 (OADIS)<\/strong><br><a class=\"\" href=\"https:\/\/www.oadis.es\/\">https:\/\/www.oadis.es<\/a><\/li>\n<\/ul>\n<p>Puoi anche rivolgerti alle autorit\u00e0 di vigilanza competenti stabilite nella tua Comunit\u00e0 Autonoma.<\/p>\t\t\t\t\t\t\t\t<\/div>\n\t\t\t\t<\/div>\n\t\t\t\t\t<\/div>\n\t\t\t\t<\/div>\n\t\t\t\t<\/div>","protected":false},"excerpt":{"rendered":"<p>Dichiarazione di accessibilit\u00e0 INDUSTRIAL BOILER SERVICE SC si impegna a rendere il proprio sito web accessibile in conformit\u00e0 con il Regio Decreto [\u2026]<\/p>","protected":false},"author":2,"featured_media":0,"parent":0,"menu_order":0,"comment_status":"closed","ping_status":"closed","template":"","meta":{"site-sidebar-layout":"no-sidebar","site-content-layout":"","ast-site-content-layout":"full-width-container","site-content-style":"default","site-sidebar-style":"default","ast-global-header-display":"","ast-banner-title-visibility":"","ast-main-header-display":"","ast-hfb-above-header-display":"","ast-hfb-below-header-display":"","ast-hfb-mobile-header-display":"","site-post-title":"","ast-breadcrumbs-content":"","ast-featured-img":"disabled","footer-sml-layout":"","ast-disable-related-posts":"","theme-transparent-header-meta":"default","adv-header-id-meta":"","stick-header-meta":"","header-above-stick-meta":"","header-main-stick-meta":"","header-below-stick-meta":"","astra-migrate-meta-layouts":"set","ast-page-background-enabled":"default","ast-page-background-meta":{"desktop":{"background-color":"var(--ast-global-color-5)","background-image":"","background-repeat":"repeat","background-position":"center center","background-size":"auto","background-attachment":"scroll","background-type":"","background-media":"","overlay-type":"","overlay-color":"","overlay-opacity":"","overlay-gradient":""},"tablet":{"background-color":"","background-image":"","background-repeat":"repeat","background-position":"center center","background-size":"auto","background-attachment":"scroll","background-type":"","background-media":"","overlay-type":"","overlay-color":"","overlay-opacity":"","overlay-gradient":""},"mobile":{"background-color":"","background-image":"","background-repeat":"repeat","background-position":"center center","background-size":"auto","background-attachment":"scroll","background-type":"","background-media":"","overlay-type":"","overlay-color":"","overlay-opacity":"","overlay-gradient":""}},"ast-content-background-meta":{"desktop":{"background-color":"var(--ast-global-color-4)","background-image":"","background-repeat":"repeat","background-position":"center center","background-size":"auto","background-attachment":"scroll","background-type":"","background-media":"","overlay-type":"","overlay-color":"","overlay-opacity":"","overlay-gradient":""},"tablet":{"background-color":"var(--ast-global-color-4)","background-image":"","background-repeat":"repeat","background-position":"center center","background-size":"auto","background-attachment":"scroll","background-type":"","background-media":"","overlay-type":"","overlay-color":"","overlay-opacity":"","overlay-gradient":""},"mobile":{"background-color":"var(--ast-global-color-4)","background-image":"","background-repeat":"repeat","background-position":"center center","background-size":"auto","background-attachment":"scroll","background-type":"","background-media":"","overlay-type":"","overlay-color":"","overlay-opacity":"","overlay-gradient":""}},"footnotes":""},"class_list":["post-837","page","type-page","status-publish","hentry"],"yoast_head":"<!-- This site is optimized with the Yoast SEO Premium plugin v26.4 (Yoast SEO v27.2) - https:\/\/yoast.com\/product\/yoast-seo-premium-wordpress\/ -->\n<title>Declaraci\u00f3n de accesibilidad - IBS Industrial Boiler Services<\/title>\n<meta name=\"robots\" content=\"index, follow, max-snippet:-1, max-image-preview:large, max-video-preview:-1\" \/>\n<link rel=\"canonical\" href=\"https:\/\/ibsindustrialboilerservice.com\/it\/dichiarazione-di-accessibilita\/\" \/>\n<meta property=\"og:locale\" content=\"it_IT\" \/>\n<meta property=\"og:type\" content=\"article\" \/>\n<meta property=\"og:title\" content=\"Declaraci\u00f3n de accesibilidad\" \/>\n<meta property=\"og:description\" content=\"Declaraci\u00f3n de accesibilidad INDUSTRIAL BOILER SERVICE SC se compromete a hacer accesible su sitio web de conformidad con el&nbsp;Real Decreto [&hellip;]\" \/>\n<meta property=\"og:url\" content=\"https:\/\/ibsindustrialboilerservice.com\/it\/dichiarazione-di-accessibilita\/\" \/>\n<meta property=\"og:site_name\" content=\"IBS Industrial Boiler Services\" \/>\n<meta property=\"article:modified_time\" content=\"2025-12-26T13:17:42+00:00\" \/>\n<meta name=\"twitter:card\" content=\"summary_large_image\" \/>\n<meta name=\"twitter:label1\" content=\"Tempo di lettura stimato\" \/>\n\t<meta name=\"twitter:data1\" content=\"6 minuti\" \/>\n<script type=\"application\/ld+json\" class=\"yoast-schema-graph\">{\"@context\":\"https:\/\/schema.org\",\"@graph\":[{\"@type\":\"WebPage\",\"@id\":\"https:\/\/ibsindustrialboilerservice.com\/declaracion-de-accesibilidad\/\",\"url\":\"https:\/\/ibsindustrialboilerservice.com\/declaracion-de-accesibilidad\/\",\"name\":\"Declaraci\u00f3n de accesibilidad - IBS Industrial Boiler Services\",\"isPartOf\":{\"@id\":\"https:\/\/ibsindustrialboilerservice.com\/#website\"},\"datePublished\":\"2025-12-26T12:03:26+00:00\",\"dateModified\":\"2025-12-26T13:17:42+00:00\",\"breadcrumb\":{\"@id\":\"https:\/\/ibsindustrialboilerservice.com\/declaracion-de-accesibilidad\/#breadcrumb\"},\"inLanguage\":\"it-IT\",\"potentialAction\":[{\"@type\":\"ReadAction\",\"target\":[\"https:\/\/ibsindustrialboilerservice.com\/declaracion-de-accesibilidad\/\"]}]},{\"@type\":\"BreadcrumbList\",\"@id\":\"https:\/\/ibsindustrialboilerservice.com\/declaracion-de-accesibilidad\/#breadcrumb\",\"itemListElement\":[{\"@type\":\"ListItem\",\"position\":1,\"name\":\"Portada\",\"item\":\"https:\/\/ibsindustrialboilerservice.com\/\"},{\"@type\":\"ListItem\",\"position\":2,\"name\":\"Declaraci\u00f3n de accesibilidad\"}]},{\"@type\":\"WebSite\",\"@id\":\"https:\/\/ibsindustrialboilerservice.com\/#website\",\"url\":\"https:\/\/ibsindustrialboilerservice.com\/\",\"name\":\"IBS Industrial Boiler Services\",\"description\":\"\",\"publisher\":{\"@id\":\"https:\/\/ibsindustrialboilerservice.com\/#organization\"},\"potentialAction\":[{\"@type\":\"SearchAction\",\"target\":{\"@type\":\"EntryPoint\",\"urlTemplate\":\"https:\/\/ibsindustrialboilerservice.com\/?s={search_term_string}\"},\"query-input\":{\"@type\":\"PropertyValueSpecification\",\"valueRequired\":true,\"valueName\":\"search_term_string\"}}],\"inLanguage\":\"it-IT\"},{\"@type\":\"Organization\",\"@id\":\"https:\/\/ibsindustrialboilerservice.com\/#organization\",\"name\":\"IBS Industrial Boiler Services\",\"url\":\"https:\/\/ibsindustrialboilerservice.com\/\",\"logo\":{\"@type\":\"ImageObject\",\"inLanguage\":\"it-IT\",\"@id\":\"https:\/\/ibsindustrialboilerservice.com\/#\/schema\/logo\/image\/\",\"url\":\"https:\/\/ibsindustrialboilerservice.com\/wp-content\/uploads\/2025\/12\/logo-1.png\",\"contentUrl\":\"https:\/\/ibsindustrialboilerservice.com\/wp-content\/uploads\/2025\/12\/logo-1.png\",\"width\":484,\"height\":184,\"caption\":\"IBS Industrial Boiler Services\"},\"image\":{\"@id\":\"https:\/\/ibsindustrialboilerservice.com\/#\/schema\/logo\/image\/\"}}]}<\/script>\n<!-- \/ Yoast SEO Premium plugin. -->","yoast_head_json":{"title":"Dichiarazione di accessibilit\u00e0 - IBS Industrial Boiler Services","robots":{"index":"index","follow":"follow","max-snippet":"max-snippet:-1","max-image-preview":"max-image-preview:large","max-video-preview":"max-video-preview:-1"},"canonical":"https:\/\/ibsindustrialboilerservice.com\/it\/dichiarazione-di-accessibilita\/","og_locale":"it_IT","og_type":"article","og_title":"Declaraci\u00f3n de accesibilidad","og_description":"Declaraci\u00f3n de accesibilidad INDUSTRIAL BOILER SERVICE SC se compromete a hacer accesible su sitio web de conformidad con el&nbsp;Real Decreto [&hellip;]","og_url":"https:\/\/ibsindustrialboilerservice.com\/it\/dichiarazione-di-accessibilita\/","og_site_name":"IBS Industrial Boiler Services","article_modified_time":"2025-12-26T13:17:42+00:00","twitter_card":"summary_large_image","twitter_misc":{"Tempo di lettura stimato":"6 minuti"},"schema":{"@context":"https:\/\/schema.org","@graph":[{"@type":"WebPage","@id":"https:\/\/ibsindustrialboilerservice.com\/declaracion-de-accesibilidad\/","url":"https:\/\/ibsindustrialboilerservice.com\/declaracion-de-accesibilidad\/","name":"Dichiarazione di accessibilit\u00e0 - IBS Industrial Boiler Services","isPartOf":{"@id":"https:\/\/ibsindustrialboilerservice.com\/#website"},"datePublished":"2025-12-26T12:03:26+00:00","dateModified":"2025-12-26T13:17:42+00:00","breadcrumb":{"@id":"https:\/\/ibsindustrialboilerservice.com\/declaracion-de-accesibilidad\/#breadcrumb"},"inLanguage":"it-IT","potentialAction":[{"@type":"ReadAction","target":["https:\/\/ibsindustrialboilerservice.com\/declaracion-de-accesibilidad\/"]}]},{"@type":"BreadcrumbList","@id":"https:\/\/ibsindustrialboilerservice.com\/declaracion-de-accesibilidad\/#breadcrumb","itemListElement":[{"@type":"ListItem","position":1,"name":"Portada","item":"https:\/\/ibsindustrialboilerservice.com\/"},{"@type":"ListItem","position":2,"name":"Declaraci\u00f3n de accesibilidad"}]},{"@type":"WebSite","@id":"https:\/\/ibsindustrialboilerservice.com\/#website","url":"https:\/\/ibsindustrialboilerservice.com\/","name":"Servizi per caldaie industriali IBS","description":"","publisher":{"@id":"https:\/\/ibsindustrialboilerservice.com\/#organization"},"potentialAction":[{"@type":"SearchAction","target":{"@type":"EntryPoint","urlTemplate":"https:\/\/ibsindustrialboilerservice.com\/?s={search_term_string}"},"query-input":{"@type":"PropertyValueSpecification","valueRequired":true,"valueName":"search_term_string"}}],"inLanguage":"it-IT"},{"@type":"Organization","@id":"https:\/\/ibsindustrialboilerservice.com\/#organization","name":"Servizi per caldaie industriali IBS","url":"https:\/\/ibsindustrialboilerservice.com\/","logo":{"@type":"ImageObject","inLanguage":"it-IT","@id":"https:\/\/ibsindustrialboilerservice.com\/#\/schema\/logo\/image\/","url":"https:\/\/ibsindustrialboilerservice.com\/wp-content\/uploads\/2025\/12\/logo-1.png","contentUrl":"https:\/\/ibsindustrialboilerservice.com\/wp-content\/uploads\/2025\/12\/logo-1.png","width":484,"height":184,"caption":"IBS Industrial Boiler Services"},"image":{"@id":"https:\/\/ibsindustrialboilerservice.com\/#\/schema\/logo\/image\/"}}]}},"_links":{"self":[{"href":"https:\/\/ibsindustrialboilerservice.com\/it\/wp-json\/wp\/v2\/pages\/837","targetHints":{"allow":["GET"]}}],"collection":[{"href":"https:\/\/ibsindustrialboilerservice.com\/it\/wp-json\/wp\/v2\/pages"}],"about":[{"href":"https:\/\/ibsindustrialboilerservice.com\/it\/wp-json\/wp\/v2\/types\/page"}],"author":[{"embeddable":true,"href":"https:\/\/ibsindustrialboilerservice.com\/it\/wp-json\/wp\/v2\/users\/2"}],"replies":[{"embeddable":true,"href":"https:\/\/ibsindustrialboilerservice.com\/it\/wp-json\/wp\/v2\/comments?post=837"}],"version-history":[{"count":0,"href":"https:\/\/ibsindustrialboilerservice.com\/it\/wp-json\/wp\/v2\/pages\/837\/revisions"}],"wp:attachment":[{"href":"https:\/\/ibsindustrialboilerservice.com\/it\/wp-json\/wp\/v2\/media?parent=837"}],"curies":[{"name":"parola chiave","href":"https:\/\/api.w.org\/{rel}","templated":true}]}}