{"id":836,"date":"2025-12-26T12:03:23","date_gmt":"2025-12-26T12:03:23","guid":{"rendered":"https:\/\/ibs.onlinehuelva.es\/?page_id=836"},"modified":"2025-12-26T13:15:21","modified_gmt":"2025-12-26T13:15:21","slug":"politica-sui-cookie","status":"publish","type":"page","link":"https:\/\/ibsindustrialboilerservice.com\/it\/politica-sui-cookie\/","title":{"rendered":"Politica sui cookie"},"content":{"rendered":"<div data-elementor-type=\"wp-page\" data-elementor-id=\"836\" class=\"elementor elementor-836\" data-elementor-post-type=\"page\">\n\t\t\t\t<div class=\"elementor-element elementor-element-4d27de0 e-flex e-con-boxed e-con e-parent\" data-id=\"4d27de0\" data-element_type=\"container\" data-e-type=\"container\" data-settings=\"{&quot;background_background&quot;:&quot;classic&quot;}\">\n\t\t\t\t\t<div class=\"e-con-inner\">\n\t\t<div class=\"elementor-element elementor-element-ad11eab e-con-full e-flex e-con e-child\" data-id=\"ad11eab\" data-element_type=\"container\" data-e-type=\"container\">\n\t\t\t\t<div class=\"elementor-element elementor-element-a70eb22 elementor-invisible elementor-widget elementor-widget-heading\" data-id=\"a70eb22\" data-element_type=\"widget\" data-e-type=\"widget\" data-settings=\"{&quot;_animation&quot;:&quot;fadeInUp&quot;,&quot;_animation_delay&quot;:100}\" data-widget_type=\"heading.default\">\n\t\t\t\t\t<h1 class=\"elementor-heading-title elementor-size-default\">Politica sui cookie<\/h1>\t\t\t\t<\/div>\n\t\t\t\t<\/div>\n\t\t\t\t\t<\/div>\n\t\t\t\t<\/div>\n\t\t<div class=\"elementor-element elementor-element-cc47857 e-flex e-con-boxed e-con e-parent\" data-id=\"cc47857\" data-element_type=\"container\" data-e-type=\"container\">\n\t\t\t\t\t<div class=\"e-con-inner\">\n\t\t<div class=\"elementor-element elementor-element-637fdf0 e-con-full e-flex e-con e-child\" data-id=\"637fdf0\" data-element_type=\"container\" data-e-type=\"container\">\n\t\t\t\t<div class=\"elementor-element elementor-element-2d74330 elementor-widget elementor-widget-text-editor\" data-id=\"2d74330\" data-element_type=\"widget\" data-e-type=\"widget\" data-widget_type=\"text-editor.default\">\n\t\t\t\t\t\t\t\t\t<p>Questo sito web, come la maggior parte dei siti web su Internet, utilizza i cookie per migliorare e ottimizzare l&#039;esperienza dell&#039;utente. Di seguito troverai informazioni dettagliate su cosa sono i cookie, quali tipologie utilizza questo sito web, come puoi disabilitarli nel tuo browser e come bloccare specificamente l&#039;installazione di cookie di terze parti.&nbsp;<\/p><p><br><\/p>\n<div class=\"entry-content clear\" data-ast-blocks-layout=\"true\">\n<p><strong>Titolare del trattamento dei dati:<\/strong><\/p>\n<p><strong>&nbsp;<\/strong><\/p>\n<p>-Nome dell&#039;azienda: INDUSTRIAL BOILER SERVICE SC<\/p>\n<p>-Codice fiscale: J76771690<\/p>\n<p>- Nome commerciale: INDUSTRIAL BOILER SERVICE SC<\/p>\n<p>-Sede Legale: Calle Magarza n\u00ba4, 38190 Tabaiba, Santa Cruz de Tenerife (Spagna).<\/p>\n<p>-Responsabile della sicurezza: Paolo Pancotti<\/p><p><br><\/p>\n<p><strong>Informazioni sui contatti:<\/strong><\/p>\n<p><strong>&nbsp;<\/strong><\/p>\n<p>\u2013 Telefono: +393467065044<\/p>\n<p>\u2013 E-mail: infoarea.ibs@gmail.com<\/p>\n<p>\u2013 Modulo di contatto: https:\/\/ibsindustrialboilerservice.com\/contacto<\/p><p><br><\/p>\n<p><strong>Documenti:<\/strong><\/p>\n<p><strong>&nbsp;<\/strong><\/p>\n<p>-Registro del trattamento dei dati ai sensi del GDPR: Clienti, Fornitori, Dipendenti e Utenti web.<\/p>\n<p>-Nome di dominio (sito web): https:\/\/ibsindustrialboilerservice.com<\/p><p><br><\/p>\n<p><strong>Cosa sono i cookie?<\/strong><\/p>\n<p><strong>&nbsp;<\/strong><\/p>\n<p>I cookie sono file di dati che vengono scaricati sul tuo computer o dispositivo mobile quando visiti un sito web o un&#039;applicazione. I cookie sono strumenti essenziali per la fornitura di molti servizi della societ\u00e0 dell&#039;informazione. Tra le altre cose, consentono a un sito web di memorizzare e recuperare informazioni sulle abitudini di navigazione di un utente o sul suo dispositivo e, a seconda delle informazioni ottenute, possono essere utilizzati per riconoscere l&#039;utente e migliorare il servizio offerto.<\/p><p><br><\/p>\n<p><strong>Quali tipi di cookie esistono?<\/strong><\/p>\n<p><strong>&nbsp;<\/strong><\/p>\n<p>A seconda dell&#039;ente, il periodo o la finalit\u00e0 per cui vengono trattati i dati ottenuti tramite i cookie possono essere:<\/p><p><br><\/p>\n<p><strong>Secondo l&#039;ente che gestisce il dominio:<\/strong><\/p>\n<p><strong>&nbsp;<\/strong><\/p>\n<p><strong>Cookie di prima parte<\/strong>: Sono quelli inviati all&#039;apparecchiatura terminale dell&#039;utente da un computer o dominio gestito dallo stesso editore e dal quale viene fornito il servizio richiesto dall&#039;utente.<\/p>\n<p><strong>Cookie di terze parti<\/strong>I cookie di prima parte sono quelli inviati al terminale dell&#039;utente da un computer o dominio non gestito dall&#039;editore, ma da un&#039;altra entit\u00e0 che elabora i dati ottenuti tramite i cookie. Se i cookie vengono installati da un computer o dominio gestito dall&#039;editore, ma le informazioni raccolte tramite essi sono gestite da una terza parte, non possono essere considerati cookie di prima parte.<\/p>\n<p><strong>A seconda del periodo di tempo in cui rimangono memorizzati:<\/strong><\/p>\n<p><strong>&nbsp;<\/strong><\/p>\n<p><strong>Cookie di sessione<\/strong>I cookie sono progettati per raccogliere e memorizzare dati mentre un utente accede a un sito web. In genere, vengono utilizzati per memorizzare informazioni necessarie solo per fornire il servizio richiesto dall&#039;utente in una singola occasione (ad esempio, un elenco di prodotti acquistati).<\/p><p><br><\/p>\n<p><strong>Cookie persistenti<\/strong>I dati rimangono memorizzati sul terminale e possono essere consultati ed elaborati per un periodo definito dal proprietario del cookie, che pu\u00f2 variare da pochi minuti a diversi anni.<\/p><p><br><\/p>\n<p><strong>Secondo il suo scopo<\/strong>:<\/p><p><br><\/p>\n<p><strong>Cookie tecnici<\/strong>Cookie: Consentono all&#039;utente di navigare attraverso un sito web, una piattaforma o un&#039;applicazione e di utilizzare le diverse opzioni o servizi in esso presenti, come ad esempio controllare il traffico e la comunicazione dei dati, identificare la sessione, accedere ad aree riservate, ricordare gli articoli di un ordine, completare il processo di acquisto, registrarsi o partecipare a un evento, utilizzare funzionalit\u00e0 di sicurezza durante la navigazione, memorizzare contenuti per la riproduzione di video o audio o condividere contenuti attraverso i social network.<\/p><p><br><\/p>\n<p><strong>Cookie di personalizzazione<\/strong>Consentono all&#039;utente di accedere al servizio con alcune caratteristiche generali predefinite in base a una serie di criteri presenti nel terminale dell&#039;utente, come la lingua, il tipo di browser utilizzato per accedere al servizio, le impostazioni regionali da cui si accede al servizio, ecc.<\/p><p><br><\/p>\n<p><strong>Cookie analitici<\/strong>Questi cookie consentono al proprietario del sito web di monitorare e analizzare il comportamento degli utenti sui siti web a cui sono collegati. Le informazioni raccolte tramite questi cookie vengono utilizzate per misurare l&#039;attivit\u00e0 del sito web, dell&#039;applicazione o della piattaforma e per creare profili di navigazione degli utenti al fine di apportare miglioramenti basati sull&#039;analisi dei dati degli utenti.<\/p><p><br><\/p>\n<p><strong>Cookie pubblicitari<\/strong>Consentono la gestione pi\u00f9 efficiente degli spazi pubblicitari. Memorizzano informazioni sul comportamento degli utenti, ottenute attraverso l&#039;osservazione continua delle abitudini di navigazione, consentendo lo sviluppo di un profilo specifico per visualizzare annunci pubblicitari basati su tale profilo.<\/p><p><br><\/p>\n<p><strong>Cookie di social media di terze parti<\/strong>Questi cookie vengono utilizzati per consentire ai visitatori di interagire con i contenuti di diverse piattaforme di social media (Facebook, YouTube, Twitter, LinkedIn, ecc.) e vengono generati esclusivamente per gli utenti di tali social network. I termini di utilizzo di questi cookie e le informazioni raccolte sono regolati dall&#039;informativa sulla privacy della piattaforma di social media corrispondente.<\/p><p><br><\/p>\n<p><strong>Come vengono utilizzati i siti web di INDUSTRIAL BOILER SERVICE SC (ibsindustrialboilerservice.com)?<\/strong><\/p>\n<\/div>\t\t\t\t\t\t\t\t<\/div>\n\t\t\t\t<div class=\"elementor-element elementor-element-6812ec4 elementor-widget elementor-widget-shortcode\" data-id=\"6812ec4\" data-element_type=\"widget\" data-e-type=\"widget\" data-widget_type=\"shortcode.default\">\n\t\t\t\t\t\t\t<div class=\"elementor-shortcode\">[wcc_cookies_audit_table]<\/div>\n\t\t\t\t\t\t<\/div>\n\t\t\t\t<div class=\"elementor-element elementor-element-7780b39 elementor-widget elementor-widget-text-editor\" data-id=\"7780b39\" data-element_type=\"widget\" data-e-type=\"widget\" data-widget_type=\"text-editor.default\">\n\t\t\t\t\t\t\t\t\t<p><strong>Disabilitazione ed eliminazione dei cookie<\/strong>:<\/p><p>\u00a0<\/p><p>Sebbene il nostro sistema di gestione dei cookie consenta di abilitare e disabilitare tutti i cookie di ibsindustrialboilerservice.com, non bloccher\u00e0 tutti i cookie di altri siti web. Per farlo, \u00e8 possibile modificare le impostazioni del browser. Il metodo per disabilitare i cookie varia a seconda del browser e pu\u00f2 cambiare con ogni nuova versione, ma di solito \u00e8 possibile farlo tramite il menu Strumenti o Opzioni. \u00c8 inoltre possibile consultare il menu Aiuto del browser per le istruzioni. \u00c8 possibile scegliere in qualsiasi momento quali cookie consentire su questo sito web. Ecco alcuni link alle istruzioni per i browser pi\u00f9 comuni:<\/p><p>\u00a0<\/p><p>Microsoft Internet Explorer o Microsoft Edge: http:\/\/windows.microsoft.com\/es-es\/windows-vista\/Block-or-allow-cookies<\/p><p>\u00a0<\/p><p>Mozilla Firefox: http:\/\/support.mozilla.org\/es\/kb\/impedir-que-los-sitios-web-guarden-sus-preference<\/p><p>\u00a0<\/p><p>Chrome: https:\/\/support.google.com\/accounts\/answer\/61416?hl=es<\/p><p>\u00a0<\/p><p>Safari: http:\/\/safari.helpmax.net\/es\/privacidad-y-security\/como-gestionar-las-cookies\/<\/p><p>\u00a0<\/p><p>Opera: http:\/\/help.opera.com\/Linux\/10.60\/es-ES\/cookies.html<\/p><p>\u00a0<\/p><p>Inoltre, puoi gestire l&#039;archiviazione dei cookie del tuo browser utilizzando strumenti come: Ghostery: www.ghostery.com\/ Le tue scelte online: www.youronlinechoices.com\/es\/ Per altri browser, prova a cercare &quot;gestisci i cookie in (nome del browser)&quot;.<\/p><p>\u00a0<\/p><p><strong>Abbiamo aggiornato la nostra Politica sui cookie?<\/strong><\/p><p><strong>\u00a0<\/strong><\/p><p>Potremmo aggiornare la nostra Informativa sui Cookie del Sito Web, pertanto ti consigliamo di consultarla ogni volta che accedi al nostro Sito Web per rimanere informato su come e perch\u00e9 utilizziamo i cookie. L&#039;Informativa sui Cookie \u00e8 stata aggiornata l&#039;ultima volta il 26 dicembre 2025.<\/p>\t\t\t\t\t\t\t\t<\/div>\n\t\t\t\t<\/div>\n\t\t\t\t\t<\/div>\n\t\t\t\t<\/div>\n\t\t\t\t<\/div>","protected":false},"excerpt":{"rendered":"<p>Informativa sui cookie Questo sito web, come la maggior parte dei siti web su Internet, utilizza i cookie per migliorare [\u2026]<\/p>","protected":false},"author":2,"featured_media":0,"parent":0,"menu_order":0,"comment_status":"closed","ping_status":"closed","template":"","meta":{"site-sidebar-layout":"no-sidebar","site-content-layout":"","ast-site-content-layout":"full-width-container","site-content-style":"default","site-sidebar-style":"default","ast-global-header-display":"","ast-banner-title-visibility":"","ast-main-header-display":"","ast-hfb-above-header-display":"","ast-hfb-below-header-display":"","ast-hfb-mobile-header-display":"","site-post-title":"","ast-breadcrumbs-content":"","ast-featured-img":"disabled","footer-sml-layout":"","ast-disable-related-posts":"","theme-transparent-header-meta":"default","adv-header-id-meta":"","stick-header-meta":"","header-above-stick-meta":"","header-main-stick-meta":"","header-below-stick-meta":"","astra-migrate-meta-layouts":"set","ast-page-background-enabled":"default","ast-page-background-meta":{"desktop":{"background-color":"var(--ast-global-color-5)","background-image":"","background-repeat":"repeat","background-position":"center center","background-size":"auto","background-attachment":"scroll","background-type":"","background-media":"","overlay-type":"","overlay-color":"","overlay-opacity":"","overlay-gradient":""},"tablet":{"background-color":"","background-image":"","background-repeat":"repeat","background-position":"center center","background-size":"auto","background-attachment":"scroll","background-type":"","background-media":"","overlay-type":"","overlay-color":"","overlay-opacity":"","overlay-gradient":""},"mobile":{"background-color":"","background-image":"","background-repeat":"repeat","background-position":"center center","background-size":"auto","background-attachment":"scroll","background-type":"","background-media":"","overlay-type":"","overlay-color":"","overlay-opacity":"","overlay-gradient":""}},"ast-content-background-meta":{"desktop":{"background-color":"var(--ast-global-color-4)","background-image":"","background-repeat":"repeat","background-position":"center center","background-size":"auto","background-attachment":"scroll","background-type":"","background-media":"","overlay-type":"","overlay-color":"","overlay-opacity":"","overlay-gradient":""},"tablet":{"background-color":"var(--ast-global-color-4)","background-image":"","background-repeat":"repeat","background-position":"center center","background-size":"auto","background-attachment":"scroll","background-type":"","background-media":"","overlay-type":"","overlay-color":"","overlay-opacity":"","overlay-gradient":""},"mobile":{"background-color":"var(--ast-global-color-4)","background-image":"","background-repeat":"repeat","background-position":"center center","background-size":"auto","background-attachment":"scroll","background-type":"","background-media":"","overlay-type":"","overlay-color":"","overlay-opacity":"","overlay-gradient":""}},"footnotes":""},"class_list":["post-836","page","type-page","status-publish","hentry"],"yoast_head":"<!-- This site is optimized with the Yoast SEO Premium plugin v26.4 (Yoast SEO v27.2) - https:\/\/yoast.com\/product\/yoast-seo-premium-wordpress\/ -->\n<title>Pol\u00edtica de cookies - IBS Industrial Boiler Services<\/title>\n<meta name=\"robots\" content=\"index, follow, max-snippet:-1, max-image-preview:large, max-video-preview:-1\" \/>\n<link rel=\"canonical\" href=\"https:\/\/ibsindustrialboilerservice.com\/it\/politica-sui-cookie\/\" \/>\n<meta property=\"og:locale\" content=\"it_IT\" \/>\n<meta property=\"og:type\" content=\"article\" \/>\n<meta property=\"og:title\" content=\"Pol\u00edtica de cookies\" \/>\n<meta property=\"og:description\" content=\"Pol\u00edtica de cookies Este sitio web, al igual que la mayor\u00eda de los sitios en Internet, usa Cookies para mejorar [&hellip;]\" \/>\n<meta property=\"og:url\" content=\"https:\/\/ibsindustrialboilerservice.com\/it\/politica-sui-cookie\/\" \/>\n<meta property=\"og:site_name\" content=\"IBS Industrial Boiler Services\" \/>\n<meta property=\"article:modified_time\" content=\"2025-12-26T13:15:21+00:00\" \/>\n<meta name=\"twitter:card\" content=\"summary_large_image\" \/>\n<meta name=\"twitter:label1\" content=\"Tempo di lettura stimato\" \/>\n\t<meta name=\"twitter:data1\" content=\"5 minuti\" \/>\n<script type=\"application\/ld+json\" class=\"yoast-schema-graph\">{\"@context\":\"https:\/\/schema.org\",\"@graph\":[{\"@type\":\"WebPage\",\"@id\":\"https:\/\/ibsindustrialboilerservice.com\/politica-de-cookies\/\",\"url\":\"https:\/\/ibsindustrialboilerservice.com\/politica-de-cookies\/\",\"name\":\"Pol\u00edtica de cookies - IBS Industrial Boiler Services\",\"isPartOf\":{\"@id\":\"https:\/\/ibsindustrialboilerservice.com\/#website\"},\"datePublished\":\"2025-12-26T12:03:23+00:00\",\"dateModified\":\"2025-12-26T13:15:21+00:00\",\"breadcrumb\":{\"@id\":\"https:\/\/ibsindustrialboilerservice.com\/politica-de-cookies\/#breadcrumb\"},\"inLanguage\":\"it-IT\",\"potentialAction\":[{\"@type\":\"ReadAction\",\"target\":[\"https:\/\/ibsindustrialboilerservice.com\/politica-de-cookies\/\"]}]},{\"@type\":\"BreadcrumbList\",\"@id\":\"https:\/\/ibsindustrialboilerservice.com\/politica-de-cookies\/#breadcrumb\",\"itemListElement\":[{\"@type\":\"ListItem\",\"position\":1,\"name\":\"Portada\",\"item\":\"https:\/\/ibsindustrialboilerservice.com\/\"},{\"@type\":\"ListItem\",\"position\":2,\"name\":\"Pol\u00edtica de cookies\"}]},{\"@type\":\"WebSite\",\"@id\":\"https:\/\/ibsindustrialboilerservice.com\/#website\",\"url\":\"https:\/\/ibsindustrialboilerservice.com\/\",\"name\":\"IBS Industrial Boiler Services\",\"description\":\"\",\"publisher\":{\"@id\":\"https:\/\/ibsindustrialboilerservice.com\/#organization\"},\"potentialAction\":[{\"@type\":\"SearchAction\",\"target\":{\"@type\":\"EntryPoint\",\"urlTemplate\":\"https:\/\/ibsindustrialboilerservice.com\/?s={search_term_string}\"},\"query-input\":{\"@type\":\"PropertyValueSpecification\",\"valueRequired\":true,\"valueName\":\"search_term_string\"}}],\"inLanguage\":\"it-IT\"},{\"@type\":\"Organization\",\"@id\":\"https:\/\/ibsindustrialboilerservice.com\/#organization\",\"name\":\"IBS Industrial Boiler Services\",\"url\":\"https:\/\/ibsindustrialboilerservice.com\/\",\"logo\":{\"@type\":\"ImageObject\",\"inLanguage\":\"it-IT\",\"@id\":\"https:\/\/ibsindustrialboilerservice.com\/#\/schema\/logo\/image\/\",\"url\":\"https:\/\/ibsindustrialboilerservice.com\/wp-content\/uploads\/2025\/12\/logo-1.png\",\"contentUrl\":\"https:\/\/ibsindustrialboilerservice.com\/wp-content\/uploads\/2025\/12\/logo-1.png\",\"width\":484,\"height\":184,\"caption\":\"IBS Industrial Boiler Services\"},\"image\":{\"@id\":\"https:\/\/ibsindustrialboilerservice.com\/#\/schema\/logo\/image\/\"}}]}<\/script>\n<!-- \/ Yoast SEO Premium plugin. -->","yoast_head_json":{"title":"Informativa sui cookie - IBS Industrial Boiler Services","robots":{"index":"index","follow":"follow","max-snippet":"max-snippet:-1","max-image-preview":"max-image-preview:large","max-video-preview":"max-video-preview:-1"},"canonical":"https:\/\/ibsindustrialboilerservice.com\/it\/politica-sui-cookie\/","og_locale":"it_IT","og_type":"article","og_title":"Pol\u00edtica de cookies","og_description":"Pol\u00edtica de cookies Este sitio web, al igual que la mayor\u00eda de los sitios en Internet, usa Cookies para mejorar [&hellip;]","og_url":"https:\/\/ibsindustrialboilerservice.com\/it\/politica-sui-cookie\/","og_site_name":"IBS Industrial Boiler Services","article_modified_time":"2025-12-26T13:15:21+00:00","twitter_card":"summary_large_image","twitter_misc":{"Tempo di lettura stimato":"5 minuti"},"schema":{"@context":"https:\/\/schema.org","@graph":[{"@type":"WebPage","@id":"https:\/\/ibsindustrialboilerservice.com\/politica-de-cookies\/","url":"https:\/\/ibsindustrialboilerservice.com\/politica-de-cookies\/","name":"Informativa sui cookie - IBS Industrial Boiler Services","isPartOf":{"@id":"https:\/\/ibsindustrialboilerservice.com\/#website"},"datePublished":"2025-12-26T12:03:23+00:00","dateModified":"2025-12-26T13:15:21+00:00","breadcrumb":{"@id":"https:\/\/ibsindustrialboilerservice.com\/politica-de-cookies\/#breadcrumb"},"inLanguage":"it-IT","potentialAction":[{"@type":"ReadAction","target":["https:\/\/ibsindustrialboilerservice.com\/politica-de-cookies\/"]}]},{"@type":"BreadcrumbList","@id":"https:\/\/ibsindustrialboilerservice.com\/politica-de-cookies\/#breadcrumb","itemListElement":[{"@type":"ListItem","position":1,"name":"Portada","item":"https:\/\/ibsindustrialboilerservice.com\/"},{"@type":"ListItem","position":2,"name":"Pol\u00edtica de cookies"}]},{"@type":"WebSite","@id":"https:\/\/ibsindustrialboilerservice.com\/#website","url":"https:\/\/ibsindustrialboilerservice.com\/","name":"Servizi per caldaie industriali IBS","description":"","publisher":{"@id":"https:\/\/ibsindustrialboilerservice.com\/#organization"},"potentialAction":[{"@type":"SearchAction","target":{"@type":"EntryPoint","urlTemplate":"https:\/\/ibsindustrialboilerservice.com\/?s={search_term_string}"},"query-input":{"@type":"PropertyValueSpecification","valueRequired":true,"valueName":"search_term_string"}}],"inLanguage":"it-IT"},{"@type":"Organization","@id":"https:\/\/ibsindustrialboilerservice.com\/#organization","name":"Servizi per caldaie industriali IBS","url":"https:\/\/ibsindustrialboilerservice.com\/","logo":{"@type":"ImageObject","inLanguage":"it-IT","@id":"https:\/\/ibsindustrialboilerservice.com\/#\/schema\/logo\/image\/","url":"https:\/\/ibsindustrialboilerservice.com\/wp-content\/uploads\/2025\/12\/logo-1.png","contentUrl":"https:\/\/ibsindustrialboilerservice.com\/wp-content\/uploads\/2025\/12\/logo-1.png","width":484,"height":184,"caption":"IBS Industrial Boiler Services"},"image":{"@id":"https:\/\/ibsindustrialboilerservice.com\/#\/schema\/logo\/image\/"}}]}},"_links":{"self":[{"href":"https:\/\/ibsindustrialboilerservice.com\/it\/wp-json\/wp\/v2\/pages\/836","targetHints":{"allow":["GET"]}}],"collection":[{"href":"https:\/\/ibsindustrialboilerservice.com\/it\/wp-json\/wp\/v2\/pages"}],"about":[{"href":"https:\/\/ibsindustrialboilerservice.com\/it\/wp-json\/wp\/v2\/types\/page"}],"author":[{"embeddable":true,"href":"https:\/\/ibsindustrialboilerservice.com\/it\/wp-json\/wp\/v2\/users\/2"}],"replies":[{"embeddable":true,"href":"https:\/\/ibsindustrialboilerservice.com\/it\/wp-json\/wp\/v2\/comments?post=836"}],"version-history":[{"count":0,"href":"https:\/\/ibsindustrialboilerservice.com\/it\/wp-json\/wp\/v2\/pages\/836\/revisions"}],"wp:attachment":[{"href":"https:\/\/ibsindustrialboilerservice.com\/it\/wp-json\/wp\/v2\/media?parent=836"}],"curies":[{"name":"parola chiave","href":"https:\/\/api.w.org\/{rel}","templated":true}]}}