{"id":836,"date":"2025-12-26T12:03:23","date_gmt":"2025-12-26T12:03:23","guid":{"rendered":"https:\/\/ibs.onlinehuelva.es\/?page_id=836"},"modified":"2025-12-26T13:15:21","modified_gmt":"2025-12-26T13:15:21","slug":"cookie-policy","status":"publish","type":"page","link":"https:\/\/ibsindustrialboilerservice.com\/en\/cookie-policy\/","title":{"rendered":"Cookies policy"},"content":{"rendered":"<div data-elementor-type=\"wp-page\" data-elementor-id=\"836\" class=\"elementor elementor-836\" data-elementor-post-type=\"page\">\n\t\t\t\t<div class=\"elementor-element elementor-element-4d27de0 e-flex e-con-boxed e-con e-parent\" data-id=\"4d27de0\" data-element_type=\"container\" data-e-type=\"container\" data-settings=\"{&quot;background_background&quot;:&quot;classic&quot;}\">\n\t\t\t\t\t<div class=\"e-con-inner\">\n\t\t<div class=\"elementor-element elementor-element-ad11eab e-con-full e-flex e-con e-child\" data-id=\"ad11eab\" data-element_type=\"container\" data-e-type=\"container\">\n\t\t\t\t<div class=\"elementor-element elementor-element-a70eb22 elementor-invisible elementor-widget elementor-widget-heading\" data-id=\"a70eb22\" data-element_type=\"widget\" data-e-type=\"widget\" data-settings=\"{&quot;_animation&quot;:&quot;fadeInUp&quot;,&quot;_animation_delay&quot;:100}\" data-widget_type=\"heading.default\">\n\t\t\t\t\t<h1 class=\"elementor-heading-title elementor-size-default\">Cookies policy<\/h1>\t\t\t\t<\/div>\n\t\t\t\t<\/div>\n\t\t\t\t\t<\/div>\n\t\t\t\t<\/div>\n\t\t<div class=\"elementor-element elementor-element-cc47857 e-flex e-con-boxed e-con e-parent\" data-id=\"cc47857\" data-element_type=\"container\" data-e-type=\"container\">\n\t\t\t\t\t<div class=\"e-con-inner\">\n\t\t<div class=\"elementor-element elementor-element-637fdf0 e-con-full e-flex e-con e-child\" data-id=\"637fdf0\" data-element_type=\"container\" data-e-type=\"container\">\n\t\t\t\t<div class=\"elementor-element elementor-element-2d74330 elementor-widget elementor-widget-text-editor\" data-id=\"2d74330\" data-element_type=\"widget\" data-e-type=\"widget\" data-widget_type=\"text-editor.default\">\n\t\t\t\t\t\t\t\t\t<p>This website, like most websites on the Internet, uses cookies to improve and optimize the user experience. Below you will find detailed information about what cookies are, what types this website uses, how you can disable them in your browser, and how to specifically block the installation of third-party cookies.&nbsp;<\/p><p><br><\/p>\n<div class=\"entry-content clear\" data-ast-blocks-layout=\"true\">\n<p><strong>Data controller:<\/strong><\/p>\n<p><strong>&nbsp;<\/strong><\/p>\n<p>-Company Name: INDUSTRIAL BOILER SERVICE SC<\/p>\n<p>-Tax ID: J76771690<\/p>\n<p>-Trade Name: INDUSTRIAL BOILER SERVICE SC<\/p>\n<p>-Registered Office: Calle Magarza n\u00ba4, 38190 Tabaiba, Santa Cruz de Tenerife (Spain).<\/p>\n<p>-Security Manager: Paolo Pancotti<\/p><p><br><\/p>\n<p><strong>Contact Information:<\/strong><\/p>\n<p><strong>&nbsp;<\/strong><\/p>\n<p>\u2013 Telephone: +393467065044<\/p>\n<p>\u2013 Email: infoarea.ibs@gmail.com<\/p>\n<p>\u2013 Contact form: https:\/\/ibsindustrialboilerservice.com\/contacto<\/p><p><br><\/p>\n<p><strong>Records:<\/strong><\/p>\n<p><strong>&nbsp;<\/strong><\/p>\n<p>-Data Processing Register in accordance with the GDPR: Clients, Suppliers, Employees and Web Users.<\/p>\n<p>-Domain name (website): https:\/\/ibsindustrialboilerservice.com<\/p><p><br><\/p>\n<p><strong>What are cookies?<\/strong><\/p>\n<p><strong>&nbsp;<\/strong><\/p>\n<p>Cookies are data files that are downloaded to your computer or mobile device when you visit a website or application. Cookies are essential tools for providing many information society services. Among other things, they allow a website to store and retrieve information about a user&#039;s browsing habits or their device, and, depending on the information obtained, they can be used to recognize the user and improve the service offered.<\/p><p><br><\/p>\n<p><strong>What types of cookies exist?<\/strong><\/p>\n<p><strong>&nbsp;<\/strong><\/p>\n<p>According to the entity, the period or purpose for which the data obtained through cookies is processed may be:<\/p><p><br><\/p>\n<p><strong>According to the entity that manages the domain:<\/strong><\/p>\n<p><strong>&nbsp;<\/strong><\/p>\n<p><strong>First-party cookies<\/strong>: Those that are sent to the user&#039;s terminal equipment from a computer or domain managed by the publisher itself and from which the service requested by the user is provided.<\/p>\n<p><strong>Third-party cookies<\/strong>First-party cookies are those sent to the user&#039;s terminal equipment from a computer or domain not managed by the publisher, but by another entity that processes the data obtained through the cookies. If cookies are installed from a computer or domain managed by the publisher, but the information collected through them is managed by a third party, they cannot be considered first-party cookies.<\/p>\n<p><strong>Depending on the length of time they remain stored:<\/strong><\/p>\n<p><strong>&nbsp;<\/strong><\/p>\n<p><strong>Session cookies<\/strong>Cookies are designed to collect and store data while a user accesses a website. They are typically used to store information that is only needed to provide the service requested by the user on a single occasion (e.g., a list of purchased products).<\/p><p><br><\/p>\n<p><strong>Persistent cookies<\/strong>The data remains stored on the terminal and can be accessed and processed for a period defined by the cookie owner, which can range from a few minutes to several years.<\/p><p><br><\/p>\n<p><strong>According to its purpose<\/strong>:<\/p><p><br><\/p>\n<p><strong>Technical cookies<\/strong>Cookies: These allow the user to navigate through a website, platform or application and use the different options or services that exist therein, such as controlling traffic and data communication, identifying the session, accessing restricted areas, remembering the items in an order, completing the purchase process, registering for or participating in an event, using security features while browsing, storing content for video or audio playback, or sharing content through social networks.<\/p><p><br><\/p>\n<p><strong>Personalization cookies<\/strong>They allow the user to access the service with some predefined general characteristics based on a series of criteria in the user&#039;s terminal, such as language, the type of browser used to access the service, the regional settings from which the service is accessed, etc.<\/p><p><br><\/p>\n<p><strong>Analytics cookies<\/strong>These cookies allow the website owner to track and analyze user behavior on the websites to which they are linked. The information collected through these cookies is used to measure website, application, or platform activity and to create user browsing profiles in order to introduce improvements based on the analysis of user data.<\/p><p><br><\/p>\n<p><strong>Advertising cookies<\/strong>They allow for the most efficient management of advertising space. They store information about user behavior obtained through continuous observation of browsing habits, enabling the development of a specific profile to display advertising based on that profile.<\/p><p><br><\/p>\n<p><strong>Third-party social media cookies<\/strong>These cookies are used to allow visitors to interact with content from different social media platforms (Facebook, YouTube, Twitter, LinkedIn, etc.) and are generated only for users of those social networks. The terms of use for these cookies and the information collected are governed by the privacy policy of the corresponding social media platform.<\/p><p><br><\/p>\n<p><strong>How do they use the websites of INDUSTRIAL BOILER SERVICE SC (ibsindustrialboilerservice.com)?<\/strong><\/p>\n<\/div>\t\t\t\t\t\t\t\t<\/div>\n\t\t\t\t<div class=\"elementor-element elementor-element-6812ec4 elementor-widget elementor-widget-shortcode\" data-id=\"6812ec4\" data-element_type=\"widget\" data-e-type=\"widget\" data-widget_type=\"shortcode.default\">\n\t\t\t\t\t\t\t<div class=\"elementor-shortcode\">[wcc_cookies_audit_table]<\/div>\n\t\t\t\t\t\t<\/div>\n\t\t\t\t<div class=\"elementor-element elementor-element-7780b39 elementor-widget elementor-widget-text-editor\" data-id=\"7780b39\" data-element_type=\"widget\" data-e-type=\"widget\" data-widget_type=\"text-editor.default\">\n\t\t\t\t\t\t\t\t\t<p><strong>Disabling and deleting cookies<\/strong>:<\/p><p>\u00a0<\/p><p>Although our cookie management system allows you to enable and disable all cookies from ibsindustrialboilerservice.com, it will not block all cookies from other websites. To do this, you can change your browser settings. The method for disabling cookies varies depending on the browser and may change with each new version, but it can usually be done through the Tools or Options menu. You can also consult your browser&#039;s Help menu for instructions. You can choose which cookies you want to allow on this website at any time. Here are some links to instructions for the most common browsers:<\/p><p>\u00a0<\/p><p>Microsoft Internet Explorer or Microsoft Edge: http:\/\/windows.microsoft.com\/es-es\/windows-vista\/Block-or-allow-cookies<\/p><p>\u00a0<\/p><p>Mozilla Firefox: http:\/\/support.mozilla.org\/es\/kb\/impedir-que-los-sitios-web-guarden-sus-preference<\/p><p>\u00a0<\/p><p>Chrome: https:\/\/support.google.com\/accounts\/answer\/61416?hl=es<\/p><p>\u00a0<\/p><p>Safari: http:\/\/safari.helpmax.net\/es\/privacidad-y-security\/como-gestionar-las-cookies\/<\/p><p>\u00a0<\/p><p>Opera: http:\/\/help.opera.com\/Linux\/10.60\/es-ES\/cookies.html<\/p><p>\u00a0<\/p><p>Additionally, you can also manage your browser&#039;s cookie storage using tools such as: Ghostery: www.ghostery.com\/ Your Online Choices: www.youronlinechoices.com\/es\/ For other browsers, try searching for &quot;manage cookies in (browser name)&quot;.<\/p><p>\u00a0<\/p><p><strong>Have we updated our Cookie Policy?<\/strong><\/p><p><strong>\u00a0<\/strong><\/p><p>We may update our Website Cookie Policy, so we recommend that you review this policy each time you access our Website to stay informed about how and why we use cookies. The Cookie Policy was last updated on December 26, 2025.<\/p>\t\t\t\t\t\t\t\t<\/div>\n\t\t\t\t<\/div>\n\t\t\t\t\t<\/div>\n\t\t\t\t<\/div>\n\t\t\t\t<\/div>","protected":false},"excerpt":{"rendered":"<p>Cookie Policy This website, like most websites on the Internet, uses cookies to improve [\u2026]<\/p>","protected":false},"author":2,"featured_media":0,"parent":0,"menu_order":0,"comment_status":"closed","ping_status":"closed","template":"","meta":{"site-sidebar-layout":"no-sidebar","site-content-layout":"","ast-site-content-layout":"full-width-container","site-content-style":"default","site-sidebar-style":"default","ast-global-header-display":"","ast-banner-title-visibility":"","ast-main-header-display":"","ast-hfb-above-header-display":"","ast-hfb-below-header-display":"","ast-hfb-mobile-header-display":"","site-post-title":"","ast-breadcrumbs-content":"","ast-featured-img":"disabled","footer-sml-layout":"","ast-disable-related-posts":"","theme-transparent-header-meta":"default","adv-header-id-meta":"","stick-header-meta":"","header-above-stick-meta":"","header-main-stick-meta":"","header-below-stick-meta":"","astra-migrate-meta-layouts":"set","ast-page-background-enabled":"default","ast-page-background-meta":{"desktop":{"background-color":"var(--ast-global-color-5)","background-image":"","background-repeat":"repeat","background-position":"center center","background-size":"auto","background-attachment":"scroll","background-type":"","background-media":"","overlay-type":"","overlay-color":"","overlay-opacity":"","overlay-gradient":""},"tablet":{"background-color":"","background-image":"","background-repeat":"repeat","background-position":"center center","background-size":"auto","background-attachment":"scroll","background-type":"","background-media":"","overlay-type":"","overlay-color":"","overlay-opacity":"","overlay-gradient":""},"mobile":{"background-color":"","background-image":"","background-repeat":"repeat","background-position":"center center","background-size":"auto","background-attachment":"scroll","background-type":"","background-media":"","overlay-type":"","overlay-color":"","overlay-opacity":"","overlay-gradient":""}},"ast-content-background-meta":{"desktop":{"background-color":"var(--ast-global-color-4)","background-image":"","background-repeat":"repeat","background-position":"center center","background-size":"auto","background-attachment":"scroll","background-type":"","background-media":"","overlay-type":"","overlay-color":"","overlay-opacity":"","overlay-gradient":""},"tablet":{"background-color":"var(--ast-global-color-4)","background-image":"","background-repeat":"repeat","background-position":"center center","background-size":"auto","background-attachment":"scroll","background-type":"","background-media":"","overlay-type":"","overlay-color":"","overlay-opacity":"","overlay-gradient":""},"mobile":{"background-color":"var(--ast-global-color-4)","background-image":"","background-repeat":"repeat","background-position":"center center","background-size":"auto","background-attachment":"scroll","background-type":"","background-media":"","overlay-type":"","overlay-color":"","overlay-opacity":"","overlay-gradient":""}},"footnotes":""},"class_list":["post-836","page","type-page","status-publish","hentry"],"yoast_head":"<!-- This site is optimized with the Yoast SEO Premium plugin v26.4 (Yoast SEO v27.2) - https:\/\/yoast.com\/product\/yoast-seo-premium-wordpress\/ -->\n<title>Pol\u00edtica de cookies - IBS Industrial Boiler Services<\/title>\n<meta name=\"robots\" content=\"index, follow, max-snippet:-1, max-image-preview:large, max-video-preview:-1\" \/>\n<link rel=\"canonical\" href=\"https:\/\/ibsindustrialboilerservice.com\/en\/cookie-policy\/\" \/>\n<meta property=\"og:locale\" content=\"en_GB\" \/>\n<meta property=\"og:type\" content=\"article\" \/>\n<meta property=\"og:title\" content=\"Pol\u00edtica de cookies\" \/>\n<meta property=\"og:description\" content=\"Pol\u00edtica de cookies Este sitio web, al igual que la mayor\u00eda de los sitios en Internet, usa Cookies para mejorar [&hellip;]\" \/>\n<meta property=\"og:url\" content=\"https:\/\/ibsindustrialboilerservice.com\/en\/cookie-policy\/\" \/>\n<meta property=\"og:site_name\" content=\"IBS Industrial Boiler Services\" \/>\n<meta property=\"article:modified_time\" content=\"2025-12-26T13:15:21+00:00\" \/>\n<meta name=\"twitter:card\" content=\"summary_large_image\" \/>\n<meta name=\"twitter:label1\" content=\"Estimated reading time\" \/>\n\t<meta name=\"twitter:data1\" content=\"5 minutes\" \/>\n<script type=\"application\/ld+json\" class=\"yoast-schema-graph\">{\"@context\":\"https:\/\/schema.org\",\"@graph\":[{\"@type\":\"WebPage\",\"@id\":\"https:\/\/ibsindustrialboilerservice.com\/politica-de-cookies\/\",\"url\":\"https:\/\/ibsindustrialboilerservice.com\/politica-de-cookies\/\",\"name\":\"Pol\u00edtica de cookies - IBS Industrial Boiler Services\",\"isPartOf\":{\"@id\":\"https:\/\/ibsindustrialboilerservice.com\/#website\"},\"datePublished\":\"2025-12-26T12:03:23+00:00\",\"dateModified\":\"2025-12-26T13:15:21+00:00\",\"breadcrumb\":{\"@id\":\"https:\/\/ibsindustrialboilerservice.com\/politica-de-cookies\/#breadcrumb\"},\"inLanguage\":\"en-GB\",\"potentialAction\":[{\"@type\":\"ReadAction\",\"target\":[\"https:\/\/ibsindustrialboilerservice.com\/politica-de-cookies\/\"]}]},{\"@type\":\"BreadcrumbList\",\"@id\":\"https:\/\/ibsindustrialboilerservice.com\/politica-de-cookies\/#breadcrumb\",\"itemListElement\":[{\"@type\":\"ListItem\",\"position\":1,\"name\":\"Portada\",\"item\":\"https:\/\/ibsindustrialboilerservice.com\/\"},{\"@type\":\"ListItem\",\"position\":2,\"name\":\"Pol\u00edtica de cookies\"}]},{\"@type\":\"WebSite\",\"@id\":\"https:\/\/ibsindustrialboilerservice.com\/#website\",\"url\":\"https:\/\/ibsindustrialboilerservice.com\/\",\"name\":\"IBS Industrial Boiler Services\",\"description\":\"\",\"publisher\":{\"@id\":\"https:\/\/ibsindustrialboilerservice.com\/#organization\"},\"potentialAction\":[{\"@type\":\"SearchAction\",\"target\":{\"@type\":\"EntryPoint\",\"urlTemplate\":\"https:\/\/ibsindustrialboilerservice.com\/?s={search_term_string}\"},\"query-input\":{\"@type\":\"PropertyValueSpecification\",\"valueRequired\":true,\"valueName\":\"search_term_string\"}}],\"inLanguage\":\"en-GB\"},{\"@type\":\"Organization\",\"@id\":\"https:\/\/ibsindustrialboilerservice.com\/#organization\",\"name\":\"IBS Industrial Boiler Services\",\"url\":\"https:\/\/ibsindustrialboilerservice.com\/\",\"logo\":{\"@type\":\"ImageObject\",\"inLanguage\":\"en-GB\",\"@id\":\"https:\/\/ibsindustrialboilerservice.com\/#\/schema\/logo\/image\/\",\"url\":\"https:\/\/ibsindustrialboilerservice.com\/wp-content\/uploads\/2025\/12\/logo-1.png\",\"contentUrl\":\"https:\/\/ibsindustrialboilerservice.com\/wp-content\/uploads\/2025\/12\/logo-1.png\",\"width\":484,\"height\":184,\"caption\":\"IBS Industrial Boiler Services\"},\"image\":{\"@id\":\"https:\/\/ibsindustrialboilerservice.com\/#\/schema\/logo\/image\/\"}}]}<\/script>\n<!-- \/ Yoast SEO Premium plugin. -->","yoast_head_json":{"title":"Cookie Policy - IBS Industrial Boiler Services","robots":{"index":"index","follow":"follow","max-snippet":"max-snippet:-1","max-image-preview":"max-image-preview:large","max-video-preview":"max-video-preview:-1"},"canonical":"https:\/\/ibsindustrialboilerservice.com\/en\/cookie-policy\/","og_locale":"en_GB","og_type":"article","og_title":"Pol\u00edtica de cookies","og_description":"Pol\u00edtica de cookies Este sitio web, al igual que la mayor\u00eda de los sitios en Internet, usa Cookies para mejorar [&hellip;]","og_url":"https:\/\/ibsindustrialboilerservice.com\/en\/cookie-policy\/","og_site_name":"IBS Industrial Boiler Services","article_modified_time":"2025-12-26T13:15:21+00:00","twitter_card":"summary_large_image","twitter_misc":{"Estimated reading time":"5 minutes"},"schema":{"@context":"https:\/\/schema.org","@graph":[{"@type":"WebPage","@id":"https:\/\/ibsindustrialboilerservice.com\/politica-de-cookies\/","url":"https:\/\/ibsindustrialboilerservice.com\/politica-de-cookies\/","name":"Cookie Policy - IBS Industrial Boiler Services","isPartOf":{"@id":"https:\/\/ibsindustrialboilerservice.com\/#website"},"datePublished":"2025-12-26T12:03:23+00:00","dateModified":"2025-12-26T13:15:21+00:00","breadcrumb":{"@id":"https:\/\/ibsindustrialboilerservice.com\/politica-de-cookies\/#breadcrumb"},"inLanguage":"en-GB","potentialAction":[{"@type":"ReadAction","target":["https:\/\/ibsindustrialboilerservice.com\/politica-de-cookies\/"]}]},{"@type":"BreadcrumbList","@id":"https:\/\/ibsindustrialboilerservice.com\/politica-de-cookies\/#breadcrumb","itemListElement":[{"@type":"ListItem","position":1,"name":"Portada","item":"https:\/\/ibsindustrialboilerservice.com\/"},{"@type":"ListItem","position":2,"name":"Pol\u00edtica de cookies"}]},{"@type":"WebSite","@id":"https:\/\/ibsindustrialboilerservice.com\/#website","url":"https:\/\/ibsindustrialboilerservice.com\/","name":"IBS Industrial Boiler Services","description":"","publisher":{"@id":"https:\/\/ibsindustrialboilerservice.com\/#organization"},"potentialAction":[{"@type":"SearchAction","target":{"@type":"EntryPoint","urlTemplate":"https:\/\/ibsindustrialboilerservice.com\/?s={search_term_string}"},"query-input":{"@type":"PropertyValueSpecification","valueRequired":true,"valueName":"search_term_string"}}],"inLanguage":"en-GB"},{"@type":"Organization","@id":"https:\/\/ibsindustrialboilerservice.com\/#organization","name":"IBS Industrial Boiler Services","url":"https:\/\/ibsindustrialboilerservice.com\/","logo":{"@type":"ImageObject","inLanguage":"en-GB","@id":"https:\/\/ibsindustrialboilerservice.com\/#\/schema\/logo\/image\/","url":"https:\/\/ibsindustrialboilerservice.com\/wp-content\/uploads\/2025\/12\/logo-1.png","contentUrl":"https:\/\/ibsindustrialboilerservice.com\/wp-content\/uploads\/2025\/12\/logo-1.png","width":484,"height":184,"caption":"IBS Industrial Boiler Services"},"image":{"@id":"https:\/\/ibsindustrialboilerservice.com\/#\/schema\/logo\/image\/"}}]}},"_links":{"self":[{"href":"https:\/\/ibsindustrialboilerservice.com\/en\/wp-json\/wp\/v2\/pages\/836","targetHints":{"allow":["GET"]}}],"collection":[{"href":"https:\/\/ibsindustrialboilerservice.com\/en\/wp-json\/wp\/v2\/pages"}],"about":[{"href":"https:\/\/ibsindustrialboilerservice.com\/en\/wp-json\/wp\/v2\/types\/page"}],"author":[{"embeddable":true,"href":"https:\/\/ibsindustrialboilerservice.com\/en\/wp-json\/wp\/v2\/users\/2"}],"replies":[{"embeddable":true,"href":"https:\/\/ibsindustrialboilerservice.com\/en\/wp-json\/wp\/v2\/comments?post=836"}],"version-history":[{"count":0,"href":"https:\/\/ibsindustrialboilerservice.com\/en\/wp-json\/wp\/v2\/pages\/836\/revisions"}],"wp:attachment":[{"href":"https:\/\/ibsindustrialboilerservice.com\/en\/wp-json\/wp\/v2\/media?parent=836"}],"curies":[{"name":"wp","href":"https:\/\/api.w.org\/{rel}","templated":true}]}}