{"id":1023,"date":"2026-02-05T21:43:18","date_gmt":"2026-02-05T21:43:18","guid":{"rendered":"https:\/\/ibs.onlinehuelva.es\/?page_id=1023"},"modified":"2026-02-26T11:26:26","modified_gmt":"2026-02-26T11:26:26","slug":"presentation","status":"publish","type":"page","link":"https:\/\/ibsindustrialboilerservice.com\/en\/","title":{"rendered":"Presentation"},"content":{"rendered":"<div data-elementor-type=\"wp-page\" data-elementor-id=\"1023\" class=\"elementor elementor-1023\" data-elementor-post-type=\"page\">\n\t\t\t\t<div class=\"elementor-element elementor-element-1a9e04f e-flex e-con-boxed e-con e-parent\" data-id=\"1a9e04f\" data-element_type=\"container\" data-e-type=\"container\" data-settings=\"{&quot;background_background&quot;:&quot;video&quot;,&quot;background_video_link&quot;:&quot;https:\\\/\\\/ibsindustrialboilerservice.com\\\/wp-content\\\/uploads\\\/2026\\\/02\\\/0206-3.mp4&quot;,&quot;background_play_on_mobile&quot;:&quot;yes&quot;}\">\n\t\t\t\t\t<div class=\"e-con-inner\">\n\t\t<div class=\"elementor-background-video-container\">\n\t\t\t\t\t\t\t<video class=\"elementor-background-video-hosted\" role=\"presentation\" autoplay muted playsinline loop><\/video>\n\t\t\t\t\t<\/div><div class=\"elementor-element elementor-element-310cd61 e-con-full e-flex e-con e-child\" data-id=\"310cd61\" data-element_type=\"container\" data-e-type=\"container\">\n\t\t\t\t<\/div>\n\t\t<div class=\"elementor-element elementor-element-604dbaa e-con-full e-flex e-con e-child\" data-id=\"604dbaa\" data-element_type=\"container\" data-e-type=\"container\">\n\t\t\t\t<div class=\"elementor-element elementor-element-641dfe0 elementor-widget elementor-widget-ucaddon_typewriter_text_effect\" data-id=\"641dfe0\" data-element_type=\"widget\" data-e-type=\"widget\" data-no-translation=\"\" data-widget_type=\"ucaddon_typewriter_text_effect.default\">\n\t\t\t\t<div class=\"elementor-widget-container\">\n\t\t\t\t\t<style>.elementor-element-641dfe0{display:none !important}<\/style>\t\t\t\t<\/div>\n\t\t\t\t<\/div>\n\t\t\t\t<div class=\"elementor-element elementor-element-e51472b elementor-widget elementor-widget-ucaddon_typewriter_text_effect\" data-id=\"e51472b\" data-element_type=\"widget\" data-e-type=\"widget\" data-no-translation=\"\" data-widget_type=\"ucaddon_typewriter_text_effect.default\">\n\t\t\t\t<div class=\"elementor-widget-container\">\n\t\t\t\t\t\n<!-- start Typewriter Text Effect -->\n<style>\/* widget: Typewriter Text Effect *\/\n\n#uc_typewriter_text_effect_elementor_e51472b .typed-cursor{\n\topacity: 1;\n\t-webkit-animation: blink 0.7s infinite;\n\t-moz-animation: blink 0.7s infinite;\n\t-ms-animation: blink 0.7s infinite;\n\t-o-animation: blink 0.7s infinite;\n\tanimation: blink 0.7s infinite;\n}\n#uc_typewriter_text_effect_elementor_e51472b .typed-cursor.ue_typecursor_hide{\n\tdisplay:none;\n}\n@keyframes blink{\n\t0% { opacity:1; }\n\t50% { opacity:0; }\n\t100% { opacity:1; }\n}\n@-webkit-keyframes blink{\n\t0% { opacity:1; }\n\t50% { opacity:0; }\n\t100% { opacity:1; }\n}\n@-moz-keyframes blink{\n\t0% { opacity:1; }\n\t50% { opacity:0; }\n\t100% { opacity:1; }\n}\n@-ms-keyframes blink{\n\t0% { opacity:1; }\n\t50% { opacity:0; }\n\t100% { opacity:1; }\n}\n@-o-keyframes blink{\n\t0% { opacity:1; }\n\t50% { opacity:0; }\n\t100% { opacity:1; }\n}\n\n\n\n<\/style>\n\n<div id=\"uc_typewriter_text_effect_elementor_e51472b\" class=\"uc-typewriter\">\n  <span class=\"begining_text\"> <\/span> \n  <span class=\"uc-typewriter-element\">The use of solar energy has not yet been developed because the oil industry does not own the sun. - Ralph Nader. <\/span>  \n  <span class=\"ending_text\"> <\/span> \n<\/div>\n<!-- end Typewriter Text Effect -->\t\t\t\t<\/div>\n\t\t\t\t<\/div>\n\t\t\t\t<div class=\"elementor-element elementor-element-cfca741 elementor-widget elementor-widget-ucaddon_typewriter_text_effect\" data-id=\"cfca741\" data-element_type=\"widget\" data-e-type=\"widget\" data-no-translation=\"\" data-widget_type=\"ucaddon_typewriter_text_effect.default\">\n\t\t\t\t<div class=\"elementor-widget-container\">\n\t\t\t\t\t<style>.elementor-element-cfca741{display:none !important}<\/style>\t\t\t\t<\/div>\n\t\t\t\t<\/div>\n\t\t\t\t<div class=\"elementor-element elementor-element-9c4b609 elementor-widget elementor-widget-ucaddon_typewriter_text_effect\" data-id=\"9c4b609\" data-element_type=\"widget\" data-e-type=\"widget\" data-no-translation=\"\" data-widget_type=\"ucaddon_typewriter_text_effect.default\">\n\t\t\t\t<div class=\"elementor-widget-container\">\n\t\t\t\t\t<style>.elementor-element-9c4b609{display:none !important}<\/style>\t\t\t\t<\/div>\n\t\t\t\t<\/div>\n\t\t\t\t<\/div>\n\t\t\t\t\t<\/div>\n\t\t\t\t<\/div>\n\t\t\t\t<\/div>","protected":false},"excerpt":{"rendered":"<p>The use of solar energy has not yet been developed because the oil industry does not own the sun. [\u2026]<\/p>","protected":false},"author":2,"featured_media":11,"parent":0,"menu_order":0,"comment_status":"closed","ping_status":"closed","template":"","meta":{"site-sidebar-layout":"no-sidebar","site-content-layout":"","ast-site-content-layout":"full-width-container","site-content-style":"default","site-sidebar-style":"default","ast-global-header-display":"","ast-banner-title-visibility":"","ast-main-header-display":"","ast-hfb-above-header-display":"","ast-hfb-below-header-display":"","ast-hfb-mobile-header-display":"","site-post-title":"","ast-breadcrumbs-content":"","ast-featured-img":"disabled","footer-sml-layout":"","ast-disable-related-posts":"","theme-transparent-header-meta":"default","adv-header-id-meta":"","stick-header-meta":"","header-above-stick-meta":"","header-main-stick-meta":"","header-below-stick-meta":"","astra-migrate-meta-layouts":"set","ast-page-background-enabled":"default","ast-page-background-meta":{"desktop":{"background-color":"var(--ast-global-color-5)","background-image":"","background-repeat":"repeat","background-position":"center center","background-size":"auto","background-attachment":"scroll","background-type":"","background-media":"","overlay-type":"","overlay-color":"","overlay-opacity":"","overlay-gradient":""},"tablet":{"background-color":"","background-image":"","background-repeat":"repeat","background-position":"center center","background-size":"auto","background-attachment":"scroll","background-type":"","background-media":"","overlay-type":"","overlay-color":"","overlay-opacity":"","overlay-gradient":""},"mobile":{"background-color":"","background-image":"","background-repeat":"repeat","background-position":"center center","background-size":"auto","background-attachment":"scroll","background-type":"","background-media":"","overlay-type":"","overlay-color":"","overlay-opacity":"","overlay-gradient":""}},"ast-content-background-meta":{"desktop":{"background-color":"var(--ast-global-color-4)","background-image":"","background-repeat":"repeat","background-position":"center center","background-size":"auto","background-attachment":"scroll","background-type":"","background-media":"","overlay-type":"","overlay-color":"","overlay-opacity":"","overlay-gradient":""},"tablet":{"background-color":"var(--ast-global-color-4)","background-image":"","background-repeat":"repeat","background-position":"center center","background-size":"auto","background-attachment":"scroll","background-type":"","background-media":"","overlay-type":"","overlay-color":"","overlay-opacity":"","overlay-gradient":""},"mobile":{"background-color":"var(--ast-global-color-4)","background-image":"","background-repeat":"repeat","background-position":"center center","background-size":"auto","background-attachment":"scroll","background-type":"","background-media":"","overlay-type":"","overlay-color":"","overlay-opacity":"","overlay-gradient":""}},"footnotes":""},"class_list":["post-1023","page","type-page","status-publish","has-post-thumbnail","hentry"],"yoast_head":"<!-- This site is optimized with the Yoast SEO Premium plugin v26.4 (Yoast SEO v27.2) - https:\/\/yoast.com\/product\/yoast-seo-premium-wordpress\/ -->\n<title>IBS Industrial Boiler Services | Innovaci\u00f3n y soluciones para calderas industriales<\/title>\n<meta name=\"description\" content=\"Ofrecemos servicios a nivel mundial en materia de recuperaci\u00f3n de energ\u00eda para el tratamiento de gases de escape. Nos ocupamos espec\u00edficamente de la puesta en marcha y el mantenimiento de calderas de vapor, calentadores de aceite diat\u00e9rmico, generadores de vapor y agua caliente. Plantas para el tratamiento de COV y olores mediante oxidaci\u00f3n t\u00e9rmica.\" \/>\n<meta name=\"robots\" content=\"index, follow, max-snippet:-1, max-image-preview:large, max-video-preview:-1\" \/>\n<link rel=\"canonical\" href=\"https:\/\/ibsindustrialboilerservice.com\/en\/\" \/>\n<meta property=\"og:locale\" content=\"en_GB\" \/>\n<meta property=\"og:type\" content=\"article\" \/>\n<meta property=\"og:title\" content=\"IBS Industrial Boiler Services | Innovaci\u00f3n y soluciones para calderas industriales\" \/>\n<meta property=\"og:description\" content=\"Ofrecemos servicios a nivel mundial en materia de recuperaci\u00f3n de energ\u00eda para el tratamiento de gases de escape. Nos ocupamos espec\u00edficamente de la puesta en marcha y el mantenimiento de calderas de vapor, calentadores de aceite diat\u00e9rmico, generadores de vapor y agua caliente. Plantas para el tratamiento de COV y olores mediante oxidaci\u00f3n t\u00e9rmica.\" \/>\n<meta property=\"og:url\" content=\"https:\/\/ibsindustrialboilerservice.com\/en\/\" \/>\n<meta property=\"og:site_name\" content=\"IBS Industrial Boiler Services\" \/>\n<meta property=\"article:modified_time\" content=\"2026-02-26T11:26:26+00:00\" \/>\n<meta property=\"og:image\" content=\"https:\/\/ibsindustrialboilerservice.com\/wp-content\/uploads\/2025\/12\/01-1080.jpg\" \/>\n\t<meta property=\"og:image:width\" content=\"1081\" \/>\n\t<meta property=\"og:image:height\" content=\"1081\" \/>\n\t<meta property=\"og:image:type\" content=\"image\/jpeg\" \/>\n<meta name=\"twitter:card\" content=\"summary_large_image\" \/>\n<meta name=\"twitter:title\" content=\"IBS Industrial Boiler Services | Innovaci\u00f3n y soluciones para calderas industriales\" \/>\n<meta name=\"twitter:description\" content=\"Ofrecemos servicios a nivel mundial en materia de recuperaci\u00f3n de energ\u00eda para el tratamiento de gases de escape. Nos ocupamos espec\u00edficamente de la puesta en marcha y el mantenimiento de calderas de vapor, calentadores de aceite diat\u00e9rmico, generadores de vapor y agua caliente. Plantas para el tratamiento de COV y olores mediante oxidaci\u00f3n t\u00e9rmica.\" \/>\n<meta name=\"twitter:image\" content=\"https:\/\/ibsindustrialboilerservice.com\/wp-content\/uploads\/2025\/12\/Rectangle-7.png\" \/>\n<meta name=\"twitter:label1\" content=\"Estimated reading time\" \/>\n\t<meta name=\"twitter:data1\" content=\"1 minute\" \/>\n<script type=\"application\/ld+json\" class=\"yoast-schema-graph\">{\"@context\":\"https:\/\/schema.org\",\"@graph\":[{\"@type\":\"WebPage\",\"@id\":\"https:\/\/ibsindustrialboilerservice.com\/\",\"url\":\"https:\/\/ibsindustrialboilerservice.com\/\",\"name\":\"IBS Industrial Boiler Services | Innovaci\u00f3n y soluciones para calderas industriales\",\"isPartOf\":{\"@id\":\"https:\/\/ibsindustrialboilerservice.com\/#website\"},\"primaryImageOfPage\":{\"@id\":\"https:\/\/ibsindustrialboilerservice.com\/#primaryimage\"},\"image\":{\"@id\":\"https:\/\/ibsindustrialboilerservice.com\/#primaryimage\"},\"thumbnailUrl\":\"https:\/\/ibsindustrialboilerservice.com\/wp-content\/uploads\/2025\/12\/01-1080.jpg\",\"datePublished\":\"2026-02-05T21:43:18+00:00\",\"dateModified\":\"2026-02-26T11:26:26+00:00\",\"description\":\"Ofrecemos servicios a nivel mundial en materia de recuperaci\u00f3n de energ\u00eda para el tratamiento de gases de escape. Nos ocupamos espec\u00edficamente de la puesta en marcha y el mantenimiento de calderas de vapor, calentadores de aceite diat\u00e9rmico, generadores de vapor y agua caliente. Plantas para el tratamiento de COV y olores mediante oxidaci\u00f3n t\u00e9rmica.\",\"breadcrumb\":{\"@id\":\"https:\/\/ibsindustrialboilerservice.com\/#breadcrumb\"},\"inLanguage\":\"en-GB\",\"potentialAction\":[{\"@type\":\"ReadAction\",\"target\":[\"https:\/\/ibsindustrialboilerservice.com\/\"]}]},{\"@type\":\"ImageObject\",\"inLanguage\":\"en-GB\",\"@id\":\"https:\/\/ibsindustrialboilerservice.com\/#primaryimage\",\"url\":\"https:\/\/ibsindustrialboilerservice.com\/wp-content\/uploads\/2025\/12\/01-1080.jpg\",\"contentUrl\":\"https:\/\/ibsindustrialboilerservice.com\/wp-content\/uploads\/2025\/12\/01-1080.jpg\",\"width\":1081,\"height\":1081},{\"@type\":\"BreadcrumbList\",\"@id\":\"https:\/\/ibsindustrialboilerservice.com\/#breadcrumb\",\"itemListElement\":[{\"@type\":\"ListItem\",\"position\":1,\"name\":\"Portada\",\"item\":\"https:\/\/ibsindustrialboilerservice.com\/\"},{\"@type\":\"ListItem\",\"position\":2,\"name\":\"Presentaci\u00f3n\"}]},{\"@type\":\"WebSite\",\"@id\":\"https:\/\/ibsindustrialboilerservice.com\/#website\",\"url\":\"https:\/\/ibsindustrialboilerservice.com\/\",\"name\":\"IBS Industrial Boiler Services\",\"description\":\"\",\"publisher\":{\"@id\":\"https:\/\/ibsindustrialboilerservice.com\/#organization\"},\"potentialAction\":[{\"@type\":\"SearchAction\",\"target\":{\"@type\":\"EntryPoint\",\"urlTemplate\":\"https:\/\/ibsindustrialboilerservice.com\/?s={search_term_string}\"},\"query-input\":{\"@type\":\"PropertyValueSpecification\",\"valueRequired\":true,\"valueName\":\"search_term_string\"}}],\"inLanguage\":\"en-GB\"},{\"@type\":\"Organization\",\"@id\":\"https:\/\/ibsindustrialboilerservice.com\/#organization\",\"name\":\"IBS Industrial Boiler Services\",\"url\":\"https:\/\/ibsindustrialboilerservice.com\/\",\"logo\":{\"@type\":\"ImageObject\",\"inLanguage\":\"en-GB\",\"@id\":\"https:\/\/ibsindustrialboilerservice.com\/#\/schema\/logo\/image\/\",\"url\":\"https:\/\/ibsindustrialboilerservice.com\/wp-content\/uploads\/2025\/12\/logo-1.png\",\"contentUrl\":\"https:\/\/ibsindustrialboilerservice.com\/wp-content\/uploads\/2025\/12\/logo-1.png\",\"width\":484,\"height\":184,\"caption\":\"IBS Industrial Boiler Services\"},\"image\":{\"@id\":\"https:\/\/ibsindustrialboilerservice.com\/#\/schema\/logo\/image\/\"}}]}<\/script>\n<!-- \/ Yoast SEO Premium plugin. -->","yoast_head_json":{"title":"IBS Industrial Boiler Services | Innovation and solutions for industrial boilers","description":"We offer worldwide energy recovery services for exhaust gas treatment. Specifically, we handle the commissioning and maintenance of steam boilers, diathermal oil heaters, steam and hot water generators, and plants for the treatment of VOCs and odors through thermal oxidation.","robots":{"index":"index","follow":"follow","max-snippet":"max-snippet:-1","max-image-preview":"max-image-preview:large","max-video-preview":"max-video-preview:-1"},"canonical":"https:\/\/ibsindustrialboilerservice.com\/en\/","og_locale":"en_GB","og_type":"article","og_title":"IBS Industrial Boiler Services | Innovaci\u00f3n y soluciones para calderas industriales","og_description":"Ofrecemos servicios a nivel mundial en materia de recuperaci\u00f3n de energ\u00eda para el tratamiento de gases de escape. Nos ocupamos espec\u00edficamente de la puesta en marcha y el mantenimiento de calderas de vapor, calentadores de aceite diat\u00e9rmico, generadores de vapor y agua caliente. Plantas para el tratamiento de COV y olores mediante oxidaci\u00f3n t\u00e9rmica.","og_url":"https:\/\/ibsindustrialboilerservice.com\/en\/","og_site_name":"IBS Industrial Boiler Services","article_modified_time":"2026-02-26T11:26:26+00:00","og_image":[{"width":1081,"height":1081,"url":"https:\/\/ibsindustrialboilerservice.com\/wp-content\/uploads\/2025\/12\/01-1080.jpg","type":"image\/jpeg"}],"twitter_card":"summary_large_image","twitter_title":"IBS Industrial Boiler Services | Innovaci\u00f3n y soluciones para calderas industriales","twitter_description":"Ofrecemos servicios a nivel mundial en materia de recuperaci\u00f3n de energ\u00eda para el tratamiento de gases de escape. Nos ocupamos espec\u00edficamente de la puesta en marcha y el mantenimiento de calderas de vapor, calentadores de aceite diat\u00e9rmico, generadores de vapor y agua caliente. Plantas para el tratamiento de COV y olores mediante oxidaci\u00f3n t\u00e9rmica.","twitter_image":"https:\/\/ibsindustrialboilerservice.com\/wp-content\/uploads\/2025\/12\/Rectangle-7.png","twitter_misc":{"Estimated reading time":"1 minute"},"schema":{"@context":"https:\/\/schema.org","@graph":[{"@type":"WebPage","@id":"https:\/\/ibsindustrialboilerservice.com\/","url":"https:\/\/ibsindustrialboilerservice.com\/","name":"IBS Industrial Boiler Services | Innovation and solutions for industrial boilers","isPartOf":{"@id":"https:\/\/ibsindustrialboilerservice.com\/#website"},"primaryImageOfPage":{"@id":"https:\/\/ibsindustrialboilerservice.com\/#primaryimage"},"image":{"@id":"https:\/\/ibsindustrialboilerservice.com\/#primaryimage"},"thumbnailUrl":"https:\/\/ibsindustrialboilerservice.com\/wp-content\/uploads\/2025\/12\/01-1080.jpg","datePublished":"2026-02-05T21:43:18+00:00","dateModified":"2026-02-26T11:26:26+00:00","description":"We offer worldwide energy recovery services for exhaust gas treatment. Specifically, we handle the commissioning and maintenance of steam boilers, diathermal oil heaters, steam and hot water generators, and plants for the treatment of VOCs and odors through thermal oxidation.","breadcrumb":{"@id":"https:\/\/ibsindustrialboilerservice.com\/#breadcrumb"},"inLanguage":"en-GB","potentialAction":[{"@type":"ReadAction","target":["https:\/\/ibsindustrialboilerservice.com\/"]}]},{"@type":"ImageObject","inLanguage":"en-GB","@id":"https:\/\/ibsindustrialboilerservice.com\/#primaryimage","url":"https:\/\/ibsindustrialboilerservice.com\/wp-content\/uploads\/2025\/12\/01-1080.jpg","contentUrl":"https:\/\/ibsindustrialboilerservice.com\/wp-content\/uploads\/2025\/12\/01-1080.jpg","width":1081,"height":1081},{"@type":"BreadcrumbList","@id":"https:\/\/ibsindustrialboilerservice.com\/#breadcrumb","itemListElement":[{"@type":"ListItem","position":1,"name":"Portada","item":"https:\/\/ibsindustrialboilerservice.com\/"},{"@type":"ListItem","position":2,"name":"Presentaci\u00f3n"}]},{"@type":"WebSite","@id":"https:\/\/ibsindustrialboilerservice.com\/#website","url":"https:\/\/ibsindustrialboilerservice.com\/","name":"IBS Industrial Boiler Services","description":"","publisher":{"@id":"https:\/\/ibsindustrialboilerservice.com\/#organization"},"potentialAction":[{"@type":"SearchAction","target":{"@type":"EntryPoint","urlTemplate":"https:\/\/ibsindustrialboilerservice.com\/?s={search_term_string}"},"query-input":{"@type":"PropertyValueSpecification","valueRequired":true,"valueName":"search_term_string"}}],"inLanguage":"en-GB"},{"@type":"Organization","@id":"https:\/\/ibsindustrialboilerservice.com\/#organization","name":"IBS Industrial Boiler Services","url":"https:\/\/ibsindustrialboilerservice.com\/","logo":{"@type":"ImageObject","inLanguage":"en-GB","@id":"https:\/\/ibsindustrialboilerservice.com\/#\/schema\/logo\/image\/","url":"https:\/\/ibsindustrialboilerservice.com\/wp-content\/uploads\/2025\/12\/logo-1.png","contentUrl":"https:\/\/ibsindustrialboilerservice.com\/wp-content\/uploads\/2025\/12\/logo-1.png","width":484,"height":184,"caption":"IBS Industrial Boiler Services"},"image":{"@id":"https:\/\/ibsindustrialboilerservice.com\/#\/schema\/logo\/image\/"}}]}},"_links":{"self":[{"href":"https:\/\/ibsindustrialboilerservice.com\/en\/wp-json\/wp\/v2\/pages\/1023","targetHints":{"allow":["GET"]}}],"collection":[{"href":"https:\/\/ibsindustrialboilerservice.com\/en\/wp-json\/wp\/v2\/pages"}],"about":[{"href":"https:\/\/ibsindustrialboilerservice.com\/en\/wp-json\/wp\/v2\/types\/page"}],"author":[{"embeddable":true,"href":"https:\/\/ibsindustrialboilerservice.com\/en\/wp-json\/wp\/v2\/users\/2"}],"replies":[{"embeddable":true,"href":"https:\/\/ibsindustrialboilerservice.com\/en\/wp-json\/wp\/v2\/comments?post=1023"}],"version-history":[{"count":0,"href":"https:\/\/ibsindustrialboilerservice.com\/en\/wp-json\/wp\/v2\/pages\/1023\/revisions"}],"wp:featuredmedia":[{"embeddable":true,"href":"https:\/\/ibsindustrialboilerservice.com\/en\/wp-json\/wp\/v2\/media\/11"}],"wp:attachment":[{"href":"https:\/\/ibsindustrialboilerservice.com\/en\/wp-json\/wp\/v2\/media?parent=1023"}],"curies":[{"name":"wp","href":"https:\/\/api.w.org\/{rel}","templated":true}]}}